{"id":2451,"date":"2020-03-09T03:54:58","date_gmt":"2020-03-09T03:54:58","guid":{"rendered":"http:\/\/wpdemo.archiwp.com\/engitech\/?page_id=2451"},"modified":"2024-07-27T06:58:11","modified_gmt":"2024-07-27T06:58:11","slug":"home-2","status":"publish","type":"page","link":"https:\/\/softlab.ro\/en\/","title":{"rendered":"Home"},"content":{"rendered":"<div data-elementor-type=\"wp-page\" data-elementor-id=\"2451\" class=\"elementor elementor-2451\">\n\t\t\t\t\t\t<section class=\"elementor-section elementor-top-section elementor-element elementor-element-2b2a1aa elementor-section-content-middle ot-traditional elementor-section-boxed elementor-section-height-default elementor-section-height-default\" data-id=\"2b2a1aa\" data-element_type=\"section\" data-settings=\"{&quot;background_background&quot;:&quot;classic&quot;}\">\n\t\t\t\t\t\t<div class=\"elementor-container elementor-column-gap-extended\">\n\t\t\t\t\t<div class=\"elementor-column elementor-col-50 elementor-top-column elementor-element elementor-element-7f15c48 ot-flex-column-vertical\" data-id=\"7f15c48\" data-element_type=\"column\">\n\t\t\t<div class=\"elementor-widget-wrap elementor-element-populated\">\n\t\t\t\t\t\t<div class=\"elementor-element elementor-element-fc5ed0a elementor-widget elementor-widget-image\" data-id=\"fc5ed0a\" data-element_type=\"widget\" data-widget_type=\"image.default\">\n\t\t\t\t<div class=\"elementor-widget-container\">\n\t\t\t\t\t\t\t\t\t\t\t\t\t\t\t<img fetchpriority=\"high\" decoding=\"async\" width=\"1230\" height=\"1310\" src=\"https:\/\/softlab.ro\/wp-content\/uploads\/2024\/07\/logo_final_code_cerc.png\" class=\"attachment-full size-full wp-image-5007\" alt=\"\" srcset=\"https:\/\/softlab.ro\/wp-content\/uploads\/2024\/07\/logo_final_code_cerc.png 1230w, https:\/\/softlab.ro\/wp-content\/uploads\/2024\/07\/logo_final_code_cerc-282x300.png 282w, https:\/\/softlab.ro\/wp-content\/uploads\/2024\/07\/logo_final_code_cerc-961x1024.png 961w, https:\/\/softlab.ro\/wp-content\/uploads\/2024\/07\/logo_final_code_cerc-768x818.png 768w, https:\/\/softlab.ro\/wp-content\/uploads\/2024\/07\/logo_final_code_cerc-720x767.png 720w\" sizes=\"(max-width: 1230px) 100vw, 1230px\" \/>\t\t\t\t\t\t\t\t\t\t\t\t\t\t\t<\/div>\n\t\t\t\t<\/div>\n\t\t\t\t\t<\/div>\n\t\t<\/div>\n\t\t\t\t<div class=\"elementor-column elementor-col-50 elementor-top-column elementor-element elementor-element-749fa9a ot-flex-column-vertical\" data-id=\"749fa9a\" data-element_type=\"column\">\n\t\t\t<div class=\"elementor-widget-wrap elementor-element-populated\">\n\t\t\t\t\t\t<div class=\"elementor-element elementor-element-0579067 elementor-widget elementor-widget-heading\" data-id=\"0579067\" data-element_type=\"widget\" data-widget_type=\"heading.default\">\n\t\t\t\t<div class=\"elementor-widget-container\">\n\t\t\t\t\t<p class=\"elementor-heading-title elementor-size-default\">\/\/ Functionality, Usability, and Performance<\/p>\t\t\t\t<\/div>\n\t\t\t\t<\/div>\n\t\t\t\t<div class=\"elementor-element elementor-element-7f85004 elementor-widget elementor-widget-heading\" data-id=\"7f85004\" data-element_type=\"widget\" data-widget_type=\"heading.default\">\n\t\t\t\t<div class=\"elementor-widget-container\">\n\t\t\t\t\t<h2 class=\"elementor-heading-title elementor-size-default\">DEVELOPMENT\nHARDWARE SOFTWARE<\/h2>\t\t\t\t<\/div>\n\t\t\t\t<\/div>\n\t\t\t\t<div class=\"elementor-element elementor-element-0af748b elementor-widget elementor-widget-text-editor\" data-id=\"0af748b\" data-element_type=\"widget\" data-widget_type=\"text-editor.default\">\n\t\t\t\t<div class=\"elementor-widget-container\">\n\t\t\t\t\t\t\t\t\t<p style=\"background: white; margin: 15.0pt 0in 15.0pt 0in;\"><span lang=\"RO\" style=\"font-family: Roboto; color: #121512;\">We are an innovative company specializing in providing integrated hardware and software solutions for various industries and sectors. <br \/><\/span><\/p>\t\t\t\t\t\t\t\t<\/div>\n\t\t\t\t<\/div>\n\t\t\t\t\t<\/div>\n\t\t<\/div>\n\t\t\t\t\t<\/div>\n\t\t<\/section>\n\t\t\t\t<section class=\"elementor-section elementor-top-section elementor-element elementor-element-9f02940 ot-traditional elementor-section-boxed elementor-section-height-default elementor-section-height-default\" data-id=\"9f02940\" data-element_type=\"section\" data-settings=\"{&quot;background_background&quot;:&quot;classic&quot;}\">\n\t\t\t\t\t\t<div class=\"elementor-container elementor-column-gap-default\">\n\t\t\t\t\t<div class=\"elementor-column elementor-col-100 elementor-top-column elementor-element elementor-element-c299977 ot-flex-column-vertical\" data-id=\"c299977\" data-element_type=\"column\">\n\t\t\t<div class=\"elementor-widget-wrap elementor-element-populated\">\n\t\t\t\t\t\t<section class=\"elementor-section elementor-inner-section elementor-element elementor-element-8aec2a8 elementor-section-full_width elementor-section-content-bottom ot-traditional elementor-section-height-default elementor-section-height-default\" data-id=\"8aec2a8\" data-element_type=\"section\">\n\t\t\t\t\t\t<div class=\"elementor-container elementor-column-gap-extended\">\n\t\t\t\t\t<div class=\"elementor-column elementor-col-50 elementor-inner-column elementor-element elementor-element-c2cc8a7 ot-column-items-top ot-flex-column-vertical\" data-id=\"c2cc8a7\" data-element_type=\"column\">\n\t\t\t<div class=\"elementor-widget-wrap elementor-element-populated\">\n\t\t\t\t\t\t<div class=\"elementor-element elementor-element-00b8902 elementor-widget elementor-widget-iheading\" data-id=\"00b8902\" data-element_type=\"widget\" data-widget_type=\"iheading.default\">\n\t\t\t\t<div class=\"elementor-widget-container\">\n\t\t\t\t\t\t\t<div class=\"ot-heading\">\r\n\t        \t            <span>\/\/ We transform businesses<\/span>\r\n\t        <h2 class=\"main-heading\">For over 10 years <br>\nWe provide solutions for any business.<\/h2>\t    <\/div>\r\n\t    \t\t\t\t<\/div>\n\t\t\t\t<\/div>\n\t\t\t\t\t<\/div>\n\t\t<\/div>\n\t\t\t\t<div class=\"elementor-column elementor-col-50 elementor-inner-column elementor-element elementor-element-9f7005a ot-flex-column-vertical\" data-id=\"9f7005a\" data-element_type=\"column\">\n\t\t\t<div class=\"elementor-widget-wrap elementor-element-populated\">\n\t\t\t\t\t\t<div class=\"elementor-element elementor-element-758d7b9 elementor-widget elementor-widget-text-editor\" data-id=\"758d7b9\" data-element_type=\"widget\" data-widget_type=\"text-editor.default\">\n\t\t\t\t<div class=\"elementor-widget-container\">\n\t\t\t\t\t\t\t\t\t<p>We are an innovative company specializing in providing integrated hardware and software solutions for various industries and sectors. Our team of talented experts works closely with our clients to deeply understand their needs and develop customized products that meet specific requirements.<\/p><p>With a focus on quality and innovation, we offer a full range of services, from consulting and design to implementation and maintenance. Whether it\u2019s developing an advanced IoT device or creating a complex software application, we are committed to delivering high-performance, scalable, and reliable solutions.<\/p><p>Leveraging our extensive experience and passion for technology, we are ready to guide you through the entire development process, helping turn ideas into practical and innovative solutions. Contact us today to start collaborating and bring your project to life!<\/p>\t\t\t\t\t\t\t\t<\/div>\n\t\t\t\t<\/div>\n\t\t\t\t\t<\/div>\n\t\t<\/div>\n\t\t\t\t\t<\/div>\n\t\t<\/section>\n\t\t\t\t\t<\/div>\n\t\t<\/div>\n\t\t\t\t\t<\/div>\n\t\t<\/section>\n\t\t\t\t<section class=\"elementor-section elementor-top-section elementor-element elementor-element-67682de elementor-section-content-middle ot-traditional elementor-section-boxed elementor-section-height-default elementor-section-height-default\" data-id=\"67682de\" data-element_type=\"section\" data-settings=\"{&quot;background_background&quot;:&quot;classic&quot;}\">\n\t\t\t\t\t\t<div class=\"elementor-container elementor-column-gap-extended\">\n\t\t\t\t\t<div class=\"elementor-column elementor-col-50 elementor-top-column elementor-element elementor-element-ccee7bc ot-flex-column-vertical\" data-id=\"ccee7bc\" data-element_type=\"column\">\n\t\t\t<div class=\"elementor-widget-wrap elementor-element-populated\">\n\t\t\t\t\t\t<div class=\"elementor-element elementor-element-78a8510 elementor-widget elementor-widget-iheading\" data-id=\"78a8510\" data-element_type=\"widget\" data-widget_type=\"iheading.default\">\n\t\t\t\t<div class=\"elementor-widget-container\">\n\t\t\t\t\t\t\t<div class=\"ot-heading\">\r\n\t        \t            <span>\/\/ Technologies<\/span>\r\n\t        <h2 class=\"main-heading\">We enhance and innovate by leveraging the latest trends in technology.<\/h2>\t    <\/div>\r\n\t    \t\t\t\t<\/div>\n\t\t\t\t<\/div>\n\t\t\t\t<div class=\"elementor-element elementor-element-0fe48cd elementor-widget elementor-widget-text-editor\" data-id=\"0fe48cd\" data-element_type=\"widget\" data-widget_type=\"text-editor.default\">\n\t\t\t\t<div class=\"elementor-widget-container\">\n\t\t\t\t\t\t\t\t\t<p>Our team can assist you in transforming your business through the latest technological capabilities to stay ahead of the competition.<\/p>\t\t\t\t\t\t\t\t<\/div>\n\t\t\t\t<\/div>\n\t\t\t\t<div class=\"elementor-element elementor-element-11b414c elementor-icon-list--layout-traditional elementor-list-item-link-full_width elementor-widget elementor-widget-icon-list\" data-id=\"11b414c\" data-element_type=\"widget\" data-widget_type=\"icon-list.default\">\n\t\t\t\t<div class=\"elementor-widget-container\">\n\t\t\t\t\t\t\t<ul class=\"elementor-icon-list-items\">\n\t\t\t\t\t\t\t<li class=\"elementor-icon-list-item\">\n\t\t\t\t\t\t\t\t\t\t\t<span class=\"elementor-icon-list-icon\">\n\t\t\t\t\t\t\t<svg aria-hidden=\"true\" class=\"e-font-icon-svg e-fas-check\" viewbox=\"0 0 512 512\" xmlns=\"http:\/\/www.w3.org\/2000\/svg\"><path d=\"M173.898 439.404l-166.4-166.4c-9.997-9.997-9.997-26.206 0-36.204l36.203-36.204c9.997-9.998 26.207-9.998 36.204 0L192 312.69 432.095 72.596c9.997-9.997 26.207-9.997 36.204 0l36.203 36.204c9.997 9.997 9.997 26.206 0 36.204l-294.4 294.401c-9.998 9.997-26.207 9.997-36.204-.001z\"><\/path><\/svg>\t\t\t\t\t\t<\/span>\n\t\t\t\t\t\t\t\t\t\t<span class=\"elementor-icon-list-text\">Hardware Development<\/span>\n\t\t\t\t\t\t\t\t\t<\/li>\n\t\t\t\t\t\t\t\t<li class=\"elementor-icon-list-item\">\n\t\t\t\t\t\t\t\t\t\t\t<span class=\"elementor-icon-list-icon\">\n\t\t\t\t\t\t\t<svg aria-hidden=\"true\" class=\"e-font-icon-svg e-fas-check\" viewbox=\"0 0 512 512\" xmlns=\"http:\/\/www.w3.org\/2000\/svg\"><path d=\"M173.898 439.404l-166.4-166.4c-9.997-9.997-9.997-26.206 0-36.204l36.203-36.204c9.997-9.998 26.207-9.998 36.204 0L192 312.69 432.095 72.596c9.997-9.997 26.207-9.997 36.204 0l36.203 36.204c9.997 9.997 9.997 26.206 0 36.204l-294.4 294.401c-9.998 9.997-26.207 9.997-36.204-.001z\"><\/path><\/svg>\t\t\t\t\t\t<\/span>\n\t\t\t\t\t\t\t\t\t\t<span class=\"elementor-icon-list-text\">Software Development<\/span>\n\t\t\t\t\t\t\t\t\t<\/li>\n\t\t\t\t\t\t\t\t<li class=\"elementor-icon-list-item\">\n\t\t\t\t\t\t\t\t\t\t\t<span class=\"elementor-icon-list-icon\">\n\t\t\t\t\t\t\t<svg aria-hidden=\"true\" class=\"e-font-icon-svg e-fas-check\" viewbox=\"0 0 512 512\" xmlns=\"http:\/\/www.w3.org\/2000\/svg\"><path d=\"M173.898 439.404l-166.4-166.4c-9.997-9.997-9.997-26.206 0-36.204l36.203-36.204c9.997-9.998 26.207-9.998 36.204 0L192 312.69 432.095 72.596c9.997-9.997 26.207-9.997 36.204 0l36.203 36.204c9.997 9.997 9.997 26.206 0 36.204l-294.4 294.401c-9.998 9.997-26.207 9.997-36.204-.001z\"><\/path><\/svg>\t\t\t\t\t\t<\/span>\n\t\t\t\t\t\t\t\t\t\t<span class=\"elementor-icon-list-text\">Maintenance and Support<\/span>\n\t\t\t\t\t\t\t\t\t<\/li>\n\t\t\t\t\t\t<\/ul>\n\t\t\t\t\t\t<\/div>\n\t\t\t\t<\/div>\n\t\t\t\t\t<\/div>\n\t\t<\/div>\n\t\t\t\t<div class=\"elementor-column elementor-col-50 elementor-top-column elementor-element elementor-element-19e17a3 ot-flex-column-vertical\" data-id=\"19e17a3\" data-element_type=\"column\">\n\t\t\t<div class=\"elementor-widget-wrap elementor-element-populated\">\n\t\t\t\t\t\t<section class=\"elementor-section elementor-inner-section elementor-element elementor-element-fce8191 elementor-section-full_width ot-traditional elementor-section-height-default elementor-section-height-default\" data-id=\"fce8191\" data-element_type=\"section\">\n\t\t\t\t\t\t<div class=\"elementor-container elementor-column-gap-extended\">\n\t\t\t\t\t<div class=\"elementor-column elementor-col-33 elementor-inner-column elementor-element elementor-element-2718194 ot-flex-column-vertical\" data-id=\"2718194\" data-element_type=\"column\">\n\t\t\t<div class=\"elementor-widget-wrap elementor-element-populated\">\n\t\t\t\t\t\t<div class=\"elementor-element elementor-element-93e0853 elementor-widget elementor-widget-itechbox\" data-id=\"93e0853\" data-element_type=\"widget\" data-widget_type=\"itechbox.default\">\n\t\t\t\t<div class=\"elementor-widget-container\">\n\t\t\t\t\t\t\t<a class=\"tech-box\" href=\"javascript:void(0)\">\r\n\t\t\t<div class=\"icon-main\">\r\n\t\t        \t\t\t    \t\t        <span class=\"flaticon-code-1\"><\/span>\t        <\/div>\r\n\t        <h5>WEB<\/h5>\r\n        <\/a>\r\n\t    \t\t\t\t<\/div>\n\t\t\t\t<\/div>\n\t\t\t\t\t<\/div>\n\t\t<\/div>\n\t\t\t\t<div class=\"elementor-column elementor-col-33 elementor-inner-column elementor-element elementor-element-179e381 ot-flex-column-vertical\" data-id=\"179e381\" data-element_type=\"column\">\n\t\t\t<div class=\"elementor-widget-wrap elementor-element-populated\">\n\t\t\t\t\t\t<div class=\"elementor-element elementor-element-fe6e894 elementor-widget elementor-widget-itechbox\" data-id=\"fe6e894\" data-element_type=\"widget\" data-widget_type=\"itechbox.default\">\n\t\t\t\t<div class=\"elementor-widget-container\">\n\t\t\t\t\t\t\t<a class=\"tech-box\" href=\"javascript:void(0)\">\r\n\t\t\t<div class=\"icon-main\">\r\n\t\t        \t\t\t    \t\t        <span class=\"flaticon-android\"><\/span>\t        <\/div>\r\n\t        <h5>Android<\/h5>\r\n        <\/a>\r\n\t    \t\t\t\t<\/div>\n\t\t\t\t<\/div>\n\t\t\t\t\t<\/div>\n\t\t<\/div>\n\t\t\t\t<div class=\"elementor-column elementor-col-33 elementor-inner-column elementor-element elementor-element-7b14361 ot-flex-column-vertical\" data-id=\"7b14361\" data-element_type=\"column\">\n\t\t\t<div class=\"elementor-widget-wrap elementor-element-populated\">\n\t\t\t\t\t\t<div class=\"elementor-element elementor-element-bc4e8bd elementor-widget elementor-widget-itechbox\" data-id=\"bc4e8bd\" data-element_type=\"widget\" data-widget_type=\"itechbox.default\">\n\t\t\t\t<div class=\"elementor-widget-container\">\n\t\t\t\t\t\t\t<a class=\"tech-box\" href=\"javascript:void(0)\">\r\n\t\t\t<div class=\"icon-main\">\r\n\t\t        \t\t\t    \t\t        <span class=\"flaticon-apple\"><\/span>\t        <\/div>\r\n\t        <h5>IOS<\/h5>\r\n        <\/a>\r\n\t    \t\t\t\t<\/div>\n\t\t\t\t<\/div>\n\t\t\t\t\t<\/div>\n\t\t<\/div>\n\t\t\t\t\t<\/div>\n\t\t<\/section>\n\t\t\t\t\t<\/div>\n\t\t<\/div>\n\t\t\t\t\t<\/div>\n\t\t<\/section>\n\t\t\t\t<section class=\"elementor-section elementor-top-section elementor-element elementor-element-d074110 ot-traditional elementor-section-boxed elementor-section-height-default elementor-section-height-default\" data-id=\"d074110\" data-element_type=\"section\" data-settings=\"{&quot;background_background&quot;:&quot;classic&quot;}\">\n\t\t\t\t\t\t<div class=\"elementor-container elementor-column-gap-default\">\n\t\t\t\t\t<div class=\"elementor-column elementor-col-100 elementor-top-column elementor-element elementor-element-604ce74 ot-flex-column-vertical\" data-id=\"604ce74\" data-element_type=\"column\">\n\t\t\t<div class=\"elementor-widget-wrap elementor-element-populated\">\n\t\t\t\t\t\t<div class=\"elementor-element elementor-element-8af8bc5 elementor-widget elementor-widget-heading\" data-id=\"8af8bc5\" data-element_type=\"widget\" data-widget_type=\"heading.default\">\n\t\t\t\t<div class=\"elementor-widget-container\">\n\t\t\t\t\t<p class=\"elementor-heading-title elementor-size-default\">\/\/ We have solutions for your needs<\/p>\t\t\t\t<\/div>\n\t\t\t\t<\/div>\n\t\t\t\t<div class=\"elementor-element elementor-element-62d1d11 elementor-widget elementor-widget-heading\" data-id=\"62d1d11\" data-element_type=\"widget\" data-widget_type=\"heading.default\">\n\t\t\t\t<div class=\"elementor-widget-container\">\n\t\t\t\t\t<h2 class=\"elementor-heading-title elementor-size-default\">\/\/ Let's talk about your project<\/h2>\t\t\t\t<\/div>\n\t\t\t\t<\/div>\n\t\t\t\t<div class=\"elementor-element elementor-element-653a5ef elementor-align-center elementor-widget elementor-widget-ibutton\" data-id=\"653a5ef\" data-element_type=\"widget\" data-widget_type=\"ibutton.default\">\n\t\t\t\t<div class=\"elementor-widget-container\">\n\t\t\t\t\t\t\t<div class=\"ot-button\">\r\n\t\t\t<a href=\"https:\/\/softlab.ro\/en\/contact\/\" class=\"octf-btn octf-btn-primary\">Contact Us<\/a>\r\n\t    <\/div>\r\n\t    \t\t\t\t<\/div>\n\t\t\t\t<\/div>\n\t\t\t\t\t<\/div>\n\t\t<\/div>\n\t\t\t\t\t<\/div>\n\t\t<\/section>\n\t\t\t\t<\/div>","protected":false},"excerpt":{"rendered":"<p>\/\/ Func\u021bionalitate, Utilizabilitate \u0219i Performan\u021b\u0103 DEZVOLTARE HARDWARE SOFTWARE Suntem o companie inovatoare specializat\u0103 \u00een furnizarea de solu\u0163ii integrate de hardware \u015fi software pentru diferite industrii \u015fi sectoare. \/\/ Transform\u0103m afacerile De peste 10 ani Oferim solu\u0163ii pentru orice afacere. Suntem o companie inovatoare specializat\u0103 \u00een furnizarea de solu\u0163ii integrate de hardware \u015fi software pentru diferite [&hellip;]<\/p>","protected":false},"author":1,"featured_media":0,"parent":0,"menu_order":0,"comment_status":"closed","ping_status":"closed","template":"","meta":{"footnotes":""},"class_list":["post-2451","page","type-page","status-publish","hentry"],"yoast_head":"<!-- This site is optimized with the Yoast SEO plugin v24.4 - https:\/\/yoast.com\/wordpress\/plugins\/seo\/ -->\n<title>Solutii Software si Hardware pentru orice afacere<\/title>\n<meta name=\"description\" content=\"Solutii Software si Hardware pentru orice afacere\" \/>\n<meta name=\"robots\" content=\"index, follow, max-snippet:-1, max-image-preview:large, max-video-preview:-1\" \/>\n<link rel=\"canonical\" href=\"https:\/\/softlab.ro\/en\/\" \/>\n<meta property=\"og:locale\" content=\"en_US\" \/>\n<meta property=\"og:type\" content=\"article\" \/>\n<meta property=\"og:title\" content=\"Solutii Software si Hardware pentru orice afacere\" \/>\n<meta property=\"og:description\" content=\"Solutii Software si Hardware pentru orice afacere\" \/>\n<meta property=\"og:url\" content=\"https:\/\/softlab.ro\/en\/\" \/>\n<meta property=\"og:site_name\" content=\"Soft Lab\" \/>\n<meta property=\"article:modified_time\" content=\"2024-07-27T06:58:11+00:00\" \/>\n<meta property=\"og:image\" content=\"https:\/\/softlab.ro\/wp-content\/uploads\/2024\/07\/logo_final_code_cerc.png\" \/>\n<meta name=\"twitter:card\" content=\"summary_large_image\" \/>\n<meta name=\"twitter:label1\" content=\"Est. reading time\" \/>\n\t<meta name=\"twitter:data1\" content=\"2 minutes\" \/>\n<script type=\"application\/ld+json\" class=\"yoast-schema-graph\">{\"@context\":\"https:\/\/schema.org\",\"@graph\":[{\"@type\":\"WebPage\",\"@id\":\"https:\/\/softlab.ro\/\",\"url\":\"https:\/\/softlab.ro\/\",\"name\":\"Solutii Software si Hardware pentru orice afacere\",\"isPartOf\":{\"@id\":\"https:\/\/softlab.ro\/#website\"},\"primaryImageOfPage\":{\"@id\":\"https:\/\/softlab.ro\/#primaryimage\"},\"image\":{\"@id\":\"https:\/\/softlab.ro\/#primaryimage\"},\"thumbnailUrl\":\"https:\/\/softlab.ro\/wp-content\/uploads\/2024\/07\/logo_final_code_cerc.png\",\"datePublished\":\"2020-03-09T03:54:58+00:00\",\"dateModified\":\"2024-07-27T06:58:11+00:00\",\"description\":\"Solutii Software si Hardware pentru orice afacere\",\"breadcrumb\":{\"@id\":\"https:\/\/softlab.ro\/#breadcrumb\"},\"inLanguage\":\"en-US\",\"potentialAction\":[{\"@type\":\"ReadAction\",\"target\":[\"https:\/\/softlab.ro\/\"]}]},{\"@type\":\"ImageObject\",\"inLanguage\":\"en-US\",\"@id\":\"https:\/\/softlab.ro\/#primaryimage\",\"url\":\"https:\/\/softlab.ro\/wp-content\/uploads\/2024\/07\/logo_final_code_cerc.png\",\"contentUrl\":\"https:\/\/softlab.ro\/wp-content\/uploads\/2024\/07\/logo_final_code_cerc.png\"},{\"@type\":\"BreadcrumbList\",\"@id\":\"https:\/\/softlab.ro\/#breadcrumb\",\"itemListElement\":[{\"@type\":\"ListItem\",\"position\":1,\"name\":\"Home\",\"item\":\"https:\/\/softlab.ro\/\"},{\"@type\":\"ListItem\",\"position\":2,\"name\":\"Home\"}]},{\"@type\":\"WebSite\",\"@id\":\"https:\/\/softlab.ro\/#website\",\"url\":\"https:\/\/softlab.ro\/\",\"name\":\"Soft Lab\",\"description\":\"\",\"publisher\":{\"@id\":\"https:\/\/softlab.ro\/#organization\"},\"potentialAction\":[{\"@type\":\"SearchAction\",\"target\":{\"@type\":\"EntryPoint\",\"urlTemplate\":\"https:\/\/softlab.ro\/?s={search_term_string}\"},\"query-input\":{\"@type\":\"PropertyValueSpecification\",\"valueRequired\":true,\"valueName\":\"search_term_string\"}}],\"inLanguage\":\"en-US\"},{\"@type\":\"Organization\",\"@id\":\"https:\/\/softlab.ro\/#organization\",\"name\":\"Soft For Games\",\"url\":\"https:\/\/softlab.ro\/\",\"logo\":{\"@type\":\"ImageObject\",\"inLanguage\":\"en-US\",\"@id\":\"https:\/\/softlab.ro\/#\/schema\/logo\/image\/\",\"url\":\"https:\/\/softlab.ro\/wp-content\/uploads\/2020\/09\/logo_softlab_2.png\",\"contentUrl\":\"https:\/\/softlab.ro\/wp-content\/uploads\/2020\/09\/logo_softlab_2.png\",\"width\":7000,\"height\":2800,\"caption\":\"Soft For Games\"},\"image\":{\"@id\":\"https:\/\/softlab.ro\/#\/schema\/logo\/image\/\"}}]}<\/script>\n<!-- \/ Yoast SEO plugin. -->","yoast_head_json":{"title":"Solutii Software si Hardware pentru orice afacere","description":"Solutii Software si Hardware pentru orice afacere","robots":{"index":"index","follow":"follow","max-snippet":"max-snippet:-1","max-image-preview":"max-image-preview:large","max-video-preview":"max-video-preview:-1"},"canonical":"https:\/\/softlab.ro\/en\/","og_locale":"en_US","og_type":"article","og_title":"Solutii Software si Hardware pentru orice afacere","og_description":"Solutii Software si Hardware pentru orice afacere","og_url":"https:\/\/softlab.ro\/en\/","og_site_name":"Soft Lab","article_modified_time":"2024-07-27T06:58:11+00:00","og_image":[{"url":"https:\/\/softlab.ro\/wp-content\/uploads\/2024\/07\/logo_final_code_cerc.png","type":"","width":"","height":""}],"twitter_card":"summary_large_image","twitter_misc":{"Est. reading time":"2 minutes"},"schema":{"@context":"https:\/\/schema.org","@graph":[{"@type":"WebPage","@id":"https:\/\/softlab.ro\/","url":"https:\/\/softlab.ro\/","name":"Solutii Software si Hardware pentru orice afacere","isPartOf":{"@id":"https:\/\/softlab.ro\/#website"},"primaryImageOfPage":{"@id":"https:\/\/softlab.ro\/#primaryimage"},"image":{"@id":"https:\/\/softlab.ro\/#primaryimage"},"thumbnailUrl":"https:\/\/softlab.ro\/wp-content\/uploads\/2024\/07\/logo_final_code_cerc.png","datePublished":"2020-03-09T03:54:58+00:00","dateModified":"2024-07-27T06:58:11+00:00","description":"Solutii Software si Hardware pentru orice afacere","breadcrumb":{"@id":"https:\/\/softlab.ro\/#breadcrumb"},"inLanguage":"en-US","potentialAction":[{"@type":"ReadAction","target":["https:\/\/softlab.ro\/"]}]},{"@type":"ImageObject","inLanguage":"en-US","@id":"https:\/\/softlab.ro\/#primaryimage","url":"https:\/\/softlab.ro\/wp-content\/uploads\/2024\/07\/logo_final_code_cerc.png","contentUrl":"https:\/\/softlab.ro\/wp-content\/uploads\/2024\/07\/logo_final_code_cerc.png"},{"@type":"BreadcrumbList","@id":"https:\/\/softlab.ro\/#breadcrumb","itemListElement":[{"@type":"ListItem","position":1,"name":"Home","item":"https:\/\/softlab.ro\/"},{"@type":"ListItem","position":2,"name":"Home"}]},{"@type":"WebSite","@id":"https:\/\/softlab.ro\/#website","url":"https:\/\/softlab.ro\/","name":"Soft Lab","description":"","publisher":{"@id":"https:\/\/softlab.ro\/#organization"},"potentialAction":[{"@type":"SearchAction","target":{"@type":"EntryPoint","urlTemplate":"https:\/\/softlab.ro\/?s={search_term_string}"},"query-input":{"@type":"PropertyValueSpecification","valueRequired":true,"valueName":"search_term_string"}}],"inLanguage":"en-US"},{"@type":"Organization","@id":"https:\/\/softlab.ro\/#organization","name":"Soft For Games","url":"https:\/\/softlab.ro\/","logo":{"@type":"ImageObject","inLanguage":"en-US","@id":"https:\/\/softlab.ro\/#\/schema\/logo\/image\/","url":"https:\/\/softlab.ro\/wp-content\/uploads\/2020\/09\/logo_softlab_2.png","contentUrl":"https:\/\/softlab.ro\/wp-content\/uploads\/2020\/09\/logo_softlab_2.png","width":7000,"height":2800,"caption":"Soft For Games"},"image":{"@id":"https:\/\/softlab.ro\/#\/schema\/logo\/image\/"}}]}},"_links":{"self":[{"href":"https:\/\/softlab.ro\/en\/wp-json\/wp\/v2\/pages\/2451","targetHints":{"allow":["GET"]}}],"collection":[{"href":"https:\/\/softlab.ro\/en\/wp-json\/wp\/v2\/pages"}],"about":[{"href":"https:\/\/softlab.ro\/en\/wp-json\/wp\/v2\/types\/page"}],"author":[{"embeddable":true,"href":"https:\/\/softlab.ro\/en\/wp-json\/wp\/v2\/users\/1"}],"replies":[{"embeddable":true,"href":"https:\/\/softlab.ro\/en\/wp-json\/wp\/v2\/comments?post=2451"}],"version-history":[{"count":70,"href":"https:\/\/softlab.ro\/en\/wp-json\/wp\/v2\/pages\/2451\/revisions"}],"predecessor-version":[{"id":5478,"href":"https:\/\/softlab.ro\/en\/wp-json\/wp\/v2\/pages\/2451\/revisions\/5478"}],"wp:attachment":[{"href":"https:\/\/softlab.ro\/en\/wp-json\/wp\/v2\/media?parent=2451"}],"curies":[{"name":"wp","href":"https:\/\/api.w.org\/{rel}","templated":true}]}}