{"id":5222,"date":"2024-07-19T06:35:39","date_gmt":"2024-07-19T06:35:39","guid":{"rendered":"https:\/\/softlab.ro\/?page_id=5222"},"modified":"2024-09-11T14:20:27","modified_gmt":"2024-09-11T14:20:27","slug":"gambling","status":"publish","type":"page","link":"https:\/\/softlab.ro\/en\/gambling\/","title":{"rendered":"Gambling"},"content":{"rendered":"<div data-elementor-type=\"wp-page\" data-elementor-id=\"5222\" class=\"elementor elementor-5222\">\n\t\t\t\t\t\t<section class=\"elementor-section elementor-top-section elementor-element elementor-element-4e088241 ot-traditional elementor-section-boxed elementor-section-height-default elementor-section-height-default\" data-id=\"4e088241\" data-element_type=\"section\">\n\t\t\t\t\t\t<div class=\"elementor-container elementor-column-gap-default\">\n\t\t\t\t\t<div class=\"elementor-column elementor-col-100 elementor-top-column elementor-element elementor-element-54d33128 ot-flex-column-vertical\" data-id=\"54d33128\" data-element_type=\"column\">\n\t\t\t<div class=\"elementor-widget-wrap elementor-element-populated\">\n\t\t\t\t\t\t<section class=\"elementor-section elementor-inner-section elementor-element elementor-element-a3331b7 elementor-section-full_width elementor-section-content-bottom ot-traditional elementor-section-height-default elementor-section-height-default\" data-id=\"a3331b7\" data-element_type=\"section\">\n\t\t\t\t\t\t<div class=\"elementor-container elementor-column-gap-default\">\n\t\t\t\t\t<div class=\"elementor-column elementor-col-100 elementor-inner-column elementor-element elementor-element-694f7585 ot-flex-column-vertical\" data-id=\"694f7585\" data-element_type=\"column\">\n\t\t\t<div class=\"elementor-widget-wrap elementor-element-populated\">\n\t\t\t\t\t\t<div class=\"elementor-element elementor-element-78fc81f8 elementor-widget elementor-widget-iheading\" data-id=\"78fc81f8\" data-element_type=\"widget\" data-widget_type=\"iheading.default\">\n\t\t\t\t<div class=\"elementor-widget-container\">\n\t\t\t\t\t\t\t<div class=\"ot-heading\">\r\n\t        \t            <span>\/\/ Gambling<\/span>\r\n\t        <p class=\"main-heading\">For System For Games, the main goal was and is the continuous development of the products and services offered to remain a viable preference of Romanian Gaming operators.<br \/>\nThe system will be based on AI (artificial intelligence) technology, using machine learning to improve the income of gambling operators in the relationship with the player.<br \/>\nSome time ago System For Games started the process of developing a new system that promises to be different from anything that currently exists on the Romanian market.\nThe time has come when System For Games presents you with an innovative project and a new vision. It will be the initiator of a new era in this industry, the project being focused on the possibility of each user to be unique, offering the most flexible system.<br \/>\nWhat he has prepared for the year 2024 is a truly ambitious and revolutionary concept. The new direction that the company is developing is achieved by using knowledge about retention and revenue optimization to the advantage of economic operators in the gambling field.<br \/>\nThe System For Games team knows how important it is to provide its operators with impeccable business solutions, so that the needs of the customers will always be at the forefront. The desire for uniqueness implicitly brings the need for innovation, and System For Games is prepared to continue to be the ideal business partner\nfor operators in the gambling industry.<\/p>\t    <\/div>\r\n\t    \t\t\t\t<\/div>\n\t\t\t\t<\/div>\n\t\t\t\t\t<\/div>\n\t\t<\/div>\n\t\t\t\t\t<\/div>\n\t\t<\/section>\n\t\t\t\t<section class=\"elementor-section elementor-inner-section elementor-element elementor-element-7631af8e elementor-section-full_width ot-traditional elementor-section-height-default elementor-section-height-default\" data-id=\"7631af8e\" data-element_type=\"section\">\n\t\t\t\t\t\t<div class=\"elementor-container elementor-column-gap-extended\">\n\t\t\t\t\t<div class=\"elementor-column elementor-col-33 elementor-inner-column elementor-element elementor-element-7c017ec2 ot-flex-column-vertical\" data-id=\"7c017ec2\" data-element_type=\"column\">\n\t\t\t<div class=\"elementor-widget-wrap elementor-element-populated\">\n\t\t\t\t\t\t<div class=\"elementor-element elementor-element-73021fa5 elementor-widget elementor-widget-iiconbox2\" data-id=\"73021fa5\" data-element_type=\"widget\" data-widget_type=\"iiconbox2.default\">\n\t\t\t\t<div class=\"elementor-widget-container\">\n\t\t\t\t\t\t\t<div class=\"icon-box-s2 s1\">\r\n\t\t\t<div class=\"icon-main\">\r\n\t\t        \t\t\t    \t\t        <span class=\"flaticon-code\"><\/span>\t\t        \t        <\/div>\r\n\t        <div class=\"content-box\">\r\n\t            <h5><a href=\"\/en\/gambling\/api-extern\/\">External APIs<\/a><\/h5>\r\n\t            <p>Seamless integration of your own applications with our services through efficient and secure APIs.<\/p>\r\n\t        <\/div>\r\n\t    <\/div>\r\n\t    \t\t\t\t<\/div>\n\t\t\t\t<\/div>\n\t\t\t\t<div class=\"elementor-element elementor-element-319de8c elementor-widget elementor-widget-iiconbox2\" data-id=\"319de8c\" data-element_type=\"widget\" data-widget_type=\"iiconbox2.default\">\n\t\t\t\t<div class=\"elementor-widget-container\">\n\t\t\t\t\t\t\t<div class=\"icon-box-s2 s1\">\r\n\t\t\t<div class=\"icon-main\">\r\n\t\t        \t\t\t    \t\t        <span class=\"flaticon-browser\"><\/span>\t\t        \t        <\/div>\r\n\t        <div class=\"content-box\">\r\n\t            <h5><a href=\"\/en\/gambling\/publicitate-si-grafica\/\">Advertising and Graphics<\/a><\/h5>\r\n\t            <p>We are ready to offer you creative and effective advertising and graphic design solutions to attract customers.<\/p>\r\n\t        <\/div>\r\n\t    <\/div>\r\n\t    \t\t\t\t<\/div>\n\t\t\t\t<\/div>\n\t\t\t\t<div class=\"elementor-element elementor-element-ea3dd2d elementor-widget elementor-widget-iiconbox2\" data-id=\"ea3dd2d\" data-element_type=\"widget\" data-widget_type=\"iiconbox2.default\">\n\t\t\t\t<div class=\"elementor-widget-container\">\n\t\t\t\t\t\t\t<div class=\"icon-box-s2 s1\">\r\n\t\t\t<div class=\"icon-main\">\r\n\t\t        \t\t\t    \t\t        <span class=\"flaticon-browser\"><\/span>\t\t        \t        <\/div>\r\n\t        <div class=\"content-box\">\r\n\t            <h5><a href=\"\/en\/gambling\/cashless\/\">Cashless<\/a><\/h5>\r\n\t            <p>Fast and secure cashless transactions for a modern and efficient gaming experience.<\/p>\r\n\t        <\/div>\r\n\t    <\/div>\r\n\t    \t\t\t\t<\/div>\n\t\t\t\t<\/div>\n\t\t\t\t\t<\/div>\n\t\t<\/div>\n\t\t\t\t<div class=\"elementor-column elementor-col-33 elementor-inner-column elementor-element elementor-element-7a940ed7 ot-flex-column-vertical\" data-id=\"7a940ed7\" data-element_type=\"column\">\n\t\t\t<div class=\"elementor-widget-wrap elementor-element-populated\">\n\t\t\t\t\t\t<div class=\"elementor-element elementor-element-1a764bff elementor-widget elementor-widget-iiconbox2\" data-id=\"1a764bff\" data-element_type=\"widget\" data-widget_type=\"iiconbox2.default\">\n\t\t\t\t<div class=\"elementor-widget-container\">\n\t\t\t\t\t\t\t<div class=\"icon-box-s2 s1\">\r\n\t\t\t<div class=\"icon-main\">\r\n\t\t        \t\t\t    \t\t        <span class=\"flaticon-app\"><\/span>\t\t        \t        <\/div>\r\n\t        <div class=\"content-box\">\r\n\t            <h5><a href=\"\/en\/gambling\/loialitate-jucatori\/\">Loyalty Players<\/a><\/h5>\r\n\t            <p>Increase player retention and satisfaction with customized and effective loyalty programs.<\/p>\r\n\t        <\/div>\r\n\t    <\/div>\r\n\t    \t\t\t\t<\/div>\n\t\t\t\t<\/div>\n\t\t\t\t<div class=\"elementor-element elementor-element-72c938ef elementor-widget elementor-widget-iiconbox2\" data-id=\"72c938ef\" data-element_type=\"widget\" data-widget_type=\"iiconbox2.default\">\n\t\t\t\t<div class=\"elementor-widget-container\">\n\t\t\t\t\t\t\t<div class=\"icon-box-s2 s1\">\r\n\t\t\t<div class=\"icon-main\">\r\n\t\t        \t\t\t    \t\t        <span class=\"flaticon-report-1\"><\/span>\t\t        \t        <\/div>\r\n\t        <div class=\"content-box\">\r\n\t            <h5><a href=\"\/en\/gambling\/tichete-tito\/\">Tickets (TITO)<\/a><\/h5>\r\n\t            <p>Simplify payment and earnings management with the efficient TITO voucher system.<\/p>\r\n\t        <\/div>\r\n\t    <\/div>\r\n\t    \t\t\t\t<\/div>\n\t\t\t\t<\/div>\n\t\t\t\t<div class=\"elementor-element elementor-element-a5e4650 elementor-widget elementor-widget-iiconbox2\" data-id=\"a5e4650\" data-element_type=\"widget\" data-widget_type=\"iiconbox2.default\">\n\t\t\t\t<div class=\"elementor-widget-container\">\n\t\t\t\t\t\t\t<div class=\"icon-box-s2 s1\">\r\n\t\t\t<div class=\"icon-main\">\r\n\t\t        \t\t\t    \t\t        <span class=\"flaticon-browser\"><\/span>\t\t        \t        <\/div>\r\n\t        <div class=\"content-box\">\r\n\t            <h5><a href=\"\/en\/gambling\/rapoarte\/\">Reports<\/a><\/h5>\r\n\t            <p>Access detailed reports and analytics to optimize business performance. Export financial information.<\/p>\r\n\t        <\/div>\r\n\t    <\/div>\r\n\t    \t\t\t\t<\/div>\n\t\t\t\t<\/div>\n\t\t\t\t\t<\/div>\n\t\t<\/div>\n\t\t\t\t<div class=\"elementor-column elementor-col-33 elementor-inner-column elementor-element elementor-element-2b1415df elementor-hidden-tablet ot-flex-column-vertical\" data-id=\"2b1415df\" data-element_type=\"column\">\n\t\t\t<div class=\"elementor-widget-wrap elementor-element-populated\">\n\t\t\t\t\t\t<div class=\"elementor-element elementor-element-7f94399f elementor-widget elementor-widget-iiconbox2\" data-id=\"7f94399f\" data-element_type=\"widget\" data-widget_type=\"iiconbox2.default\">\n\t\t\t\t<div class=\"elementor-widget-container\">\n\t\t\t\t\t\t\t<div class=\"icon-box-s2 s1\">\r\n\t\t\t<div class=\"icon-main\">\r\n\t\t        \t\t\t    \t\t        <span class=\"flaticon-monitor\"><\/span>\t\t        \t        <\/div>\r\n\t        <div class=\"content-box\">\r\n\t            <h5><a href=\"\/en\/gambling\/jackpot-uri\/\">Jackpots<\/a><\/h5>\r\n\t            <p>It offers exciting experiences with attractive jackpots and prizes for players. Reports in real time.<\/p>\r\n\t        <\/div>\r\n\t    <\/div>\r\n\t    \t\t\t\t<\/div>\n\t\t\t\t<\/div>\n\t\t\t\t<div class=\"elementor-element elementor-element-54de1485 elementor-widget elementor-widget-iiconbox2\" data-id=\"54de1485\" data-element_type=\"widget\" data-widget_type=\"iiconbox2.default\">\n\t\t\t\t<div class=\"elementor-widget-container\">\n\t\t\t\t\t\t\t<div class=\"icon-box-s2 s1\">\r\n\t\t\t<div class=\"icon-main\">\r\n\t\t        \t\t\t    \t\t        <span class=\"flaticon-best\"><\/span>\t\t        \t        <\/div>\r\n\t        <div class=\"content-box\">\r\n\t            <h5><a href=\"\/en\/gambling\/notificari\/\">Notifications<\/a><\/h5>\r\n\t            <p>We keep you up to date with all the information you need to make quick and correct decisions. <\/p>\r\n\t        <\/div>\r\n\t    <\/div>\r\n\t    \t\t\t\t<\/div>\n\t\t\t\t<\/div>\n\t\t\t\t<div class=\"elementor-element elementor-element-66aaf65 elementor-widget elementor-widget-iiconbox2\" data-id=\"66aaf65\" data-element_type=\"widget\" data-widget_type=\"iiconbox2.default\">\n\t\t\t\t<div class=\"elementor-widget-container\">\n\t\t\t\t\t\t\t<div class=\"icon-box-s2 s1\">\r\n\t\t\t<div class=\"icon-main\">\r\n\t\t        \t\t\t    \t\t        <span class=\"flaticon-browser\"><\/span>\t\t        \t        <\/div>\r\n\t        <div class=\"content-box\">\r\n\t            <h5><a href=\"\/en\/gambling\/securitate-cloud\/\">Cloud Security<\/a><\/h5>\r\n\t            <p>We protect data and applications with advanced cloud security solutions according to the European NIS2 Directive<\/p>\r\n\t        <\/div>\r\n\t    <\/div>\r\n\t    \t\t\t\t<\/div>\n\t\t\t\t<\/div>\n\t\t\t\t\t<\/div>\n\t\t<\/div>\n\t\t\t\t\t<\/div>\n\t\t<\/section>\n\t\t\t\t\t<\/div>\n\t\t<\/div>\n\t\t\t\t\t<\/div>\n\t\t<\/section>\n\t\t\t\t<section class=\"elementor-section elementor-top-section elementor-element elementor-element-78015e80 ot-traditional elementor-section-boxed elementor-section-height-default elementor-section-height-default\" data-id=\"78015e80\" data-element_type=\"section\" data-settings=\"{&quot;background_background&quot;:&quot;classic&quot;}\">\n\t\t\t\t\t\t<div class=\"elementor-container elementor-column-gap-default\">\n\t\t\t\t\t<div class=\"elementor-column elementor-col-100 elementor-top-column elementor-element elementor-element-6bb39599 ot-flex-column-vertical\" data-id=\"6bb39599\" data-element_type=\"column\">\n\t\t\t<div class=\"elementor-widget-wrap elementor-element-populated\">\n\t\t\t\t\t\t<div class=\"elementor-element elementor-element-517c67b1 elementor-widget elementor-widget-heading\" data-id=\"517c67b1\" data-element_type=\"widget\" data-widget_type=\"heading.default\">\n\t\t\t\t<div class=\"elementor-widget-container\">\n\t\t\t\t\t<p class=\"elementor-heading-title elementor-size-default\">\/\/ We have solutions for your needs<\/p>\t\t\t\t<\/div>\n\t\t\t\t<\/div>\n\t\t\t\t<div class=\"elementor-element elementor-element-67dcd31a elementor-widget elementor-widget-heading\" data-id=\"67dcd31a\" data-element_type=\"widget\" data-widget_type=\"heading.default\">\n\t\t\t\t<div class=\"elementor-widget-container\">\n\t\t\t\t\t<h2 class=\"elementor-heading-title elementor-size-default\">\/\/ Let's talk about your project<\/h2>\t\t\t\t<\/div>\n\t\t\t\t<\/div>\n\t\t\t\t<div class=\"elementor-element elementor-element-5bb92cce elementor-align-center elementor-widget elementor-widget-ibutton\" data-id=\"5bb92cce\" data-element_type=\"widget\" data-widget_type=\"ibutton.default\">\n\t\t\t\t<div class=\"elementor-widget-container\">\n\t\t\t\t\t\t\t<div class=\"ot-button\">\r\n\t\t\t<a href=\"https:\/\/softlab.ro\/en\/contact\/\" class=\"octf-btn octf-btn-primary\">Contact Us<\/a>\r\n\t    <\/div>\r\n\t    \t\t\t\t<\/div>\n\t\t\t\t<\/div>\n\t\t\t\t\t<\/div>\n\t\t<\/div>\n\t\t\t\t\t<\/div>\n\t\t<\/section>\n\t\t\t\t<\/div>","protected":false},"excerpt":{"rendered":"<p>\/\/ Gambling Pentru System For Games, principalul scop a fost \u0219i este dezvoltarea continu\u0103 a produselor \u0219i a serviciilor oferite pentru a r\u0103m\u00e2ne o preferin\u021b\u0103 viabil\u0103 a operatorilor de Jocuri de Noroc din Rom\u00e2nia. Sistemul va fi bazat pe tehnologia AI (artificial inteligence), folosind machine learning pentru a eficientiza veniturile operatorilor de gambling \u00een rela\u021bia [&hellip;]<\/p>","protected":false},"author":1,"featured_media":0,"parent":0,"menu_order":0,"comment_status":"closed","ping_status":"closed","template":"","meta":{"footnotes":""},"class_list":["post-5222","page","type-page","status-publish","hentry"],"yoast_head":"<!-- This site is optimized with the Yoast SEO plugin v24.4 - https:\/\/yoast.com\/wordpress\/plugins\/seo\/ -->\n<title>Gambling - Soft Lab<\/title>\n<meta name=\"robots\" content=\"index, follow, max-snippet:-1, max-image-preview:large, max-video-preview:-1\" \/>\n<link rel=\"canonical\" href=\"https:\/\/softlab.ro\/en\/gambling\/\" \/>\n<meta property=\"og:locale\" content=\"en_US\" \/>\n<meta property=\"og:type\" content=\"article\" \/>\n<meta property=\"og:title\" content=\"Gambling - Soft Lab\" \/>\n<meta property=\"og:description\" content=\"\/\/ Gambling Pentru System For Games, principalul scop a fost \u0219i este dezvoltarea continu\u0103 a produselor \u0219i a serviciilor oferite pentru a r\u0103m\u00e2ne o preferin\u021b\u0103 viabil\u0103 a operatorilor de Jocuri de Noroc din Rom\u00e2nia. Sistemul va fi bazat pe tehnologia AI (artificial inteligence), folosind machine learning pentru a eficientiza veniturile operatorilor de gambling \u00een rela\u021bia [&hellip;]\" \/>\n<meta property=\"og:url\" content=\"https:\/\/softlab.ro\/en\/gambling\/\" \/>\n<meta property=\"og:site_name\" content=\"Soft Lab\" \/>\n<meta property=\"article:modified_time\" content=\"2024-09-11T14:20:27+00:00\" \/>\n<meta name=\"twitter:card\" content=\"summary_large_image\" \/>\n<meta name=\"twitter:label1\" content=\"Est. reading time\" \/>\n\t<meta name=\"twitter:data1\" content=\"2 minutes\" \/>\n<script type=\"application\/ld+json\" class=\"yoast-schema-graph\">{\"@context\":\"https:\/\/schema.org\",\"@graph\":[{\"@type\":\"WebPage\",\"@id\":\"https:\/\/softlab.ro\/gambling\/\",\"url\":\"https:\/\/softlab.ro\/gambling\/\",\"name\":\"Gambling - Soft Lab\",\"isPartOf\":{\"@id\":\"https:\/\/softlab.ro\/#website\"},\"datePublished\":\"2024-07-19T06:35:39+00:00\",\"dateModified\":\"2024-09-11T14:20:27+00:00\",\"breadcrumb\":{\"@id\":\"https:\/\/softlab.ro\/gambling\/#breadcrumb\"},\"inLanguage\":\"en-US\",\"potentialAction\":[{\"@type\":\"ReadAction\",\"target\":[\"https:\/\/softlab.ro\/gambling\/\"]}]},{\"@type\":\"BreadcrumbList\",\"@id\":\"https:\/\/softlab.ro\/gambling\/#breadcrumb\",\"itemListElement\":[{\"@type\":\"ListItem\",\"position\":1,\"name\":\"Home\",\"item\":\"https:\/\/softlab.ro\/\"},{\"@type\":\"ListItem\",\"position\":2,\"name\":\"Gambling\"}]},{\"@type\":\"WebSite\",\"@id\":\"https:\/\/softlab.ro\/#website\",\"url\":\"https:\/\/softlab.ro\/\",\"name\":\"Soft Lab\",\"description\":\"\",\"publisher\":{\"@id\":\"https:\/\/softlab.ro\/#organization\"},\"potentialAction\":[{\"@type\":\"SearchAction\",\"target\":{\"@type\":\"EntryPoint\",\"urlTemplate\":\"https:\/\/softlab.ro\/?s={search_term_string}\"},\"query-input\":{\"@type\":\"PropertyValueSpecification\",\"valueRequired\":true,\"valueName\":\"search_term_string\"}}],\"inLanguage\":\"en-US\"},{\"@type\":\"Organization\",\"@id\":\"https:\/\/softlab.ro\/#organization\",\"name\":\"Soft For Games\",\"url\":\"https:\/\/softlab.ro\/\",\"logo\":{\"@type\":\"ImageObject\",\"inLanguage\":\"en-US\",\"@id\":\"https:\/\/softlab.ro\/#\/schema\/logo\/image\/\",\"url\":\"https:\/\/softlab.ro\/wp-content\/uploads\/2020\/09\/logo_softlab_2.png\",\"contentUrl\":\"https:\/\/softlab.ro\/wp-content\/uploads\/2020\/09\/logo_softlab_2.png\",\"width\":7000,\"height\":2800,\"caption\":\"Soft For Games\"},\"image\":{\"@id\":\"https:\/\/softlab.ro\/#\/schema\/logo\/image\/\"}}]}<\/script>\n<!-- \/ Yoast SEO plugin. -->","yoast_head_json":{"title":"Gambling - Soft Lab","robots":{"index":"index","follow":"follow","max-snippet":"max-snippet:-1","max-image-preview":"max-image-preview:large","max-video-preview":"max-video-preview:-1"},"canonical":"https:\/\/softlab.ro\/en\/gambling\/","og_locale":"en_US","og_type":"article","og_title":"Gambling - Soft Lab","og_description":"\/\/ Gambling Pentru System For Games, principalul scop a fost \u0219i este dezvoltarea continu\u0103 a produselor \u0219i a serviciilor oferite pentru a r\u0103m\u00e2ne o preferin\u021b\u0103 viabil\u0103 a operatorilor de Jocuri de Noroc din Rom\u00e2nia. Sistemul va fi bazat pe tehnologia AI (artificial inteligence), folosind machine learning pentru a eficientiza veniturile operatorilor de gambling \u00een rela\u021bia [&hellip;]","og_url":"https:\/\/softlab.ro\/en\/gambling\/","og_site_name":"Soft Lab","article_modified_time":"2024-09-11T14:20:27+00:00","twitter_card":"summary_large_image","twitter_misc":{"Est. reading time":"2 minutes"},"schema":{"@context":"https:\/\/schema.org","@graph":[{"@type":"WebPage","@id":"https:\/\/softlab.ro\/gambling\/","url":"https:\/\/softlab.ro\/gambling\/","name":"Gambling - Soft Lab","isPartOf":{"@id":"https:\/\/softlab.ro\/#website"},"datePublished":"2024-07-19T06:35:39+00:00","dateModified":"2024-09-11T14:20:27+00:00","breadcrumb":{"@id":"https:\/\/softlab.ro\/gambling\/#breadcrumb"},"inLanguage":"en-US","potentialAction":[{"@type":"ReadAction","target":["https:\/\/softlab.ro\/gambling\/"]}]},{"@type":"BreadcrumbList","@id":"https:\/\/softlab.ro\/gambling\/#breadcrumb","itemListElement":[{"@type":"ListItem","position":1,"name":"Home","item":"https:\/\/softlab.ro\/"},{"@type":"ListItem","position":2,"name":"Gambling"}]},{"@type":"WebSite","@id":"https:\/\/softlab.ro\/#website","url":"https:\/\/softlab.ro\/","name":"Soft Lab","description":"","publisher":{"@id":"https:\/\/softlab.ro\/#organization"},"potentialAction":[{"@type":"SearchAction","target":{"@type":"EntryPoint","urlTemplate":"https:\/\/softlab.ro\/?s={search_term_string}"},"query-input":{"@type":"PropertyValueSpecification","valueRequired":true,"valueName":"search_term_string"}}],"inLanguage":"en-US"},{"@type":"Organization","@id":"https:\/\/softlab.ro\/#organization","name":"Soft For Games","url":"https:\/\/softlab.ro\/","logo":{"@type":"ImageObject","inLanguage":"en-US","@id":"https:\/\/softlab.ro\/#\/schema\/logo\/image\/","url":"https:\/\/softlab.ro\/wp-content\/uploads\/2020\/09\/logo_softlab_2.png","contentUrl":"https:\/\/softlab.ro\/wp-content\/uploads\/2020\/09\/logo_softlab_2.png","width":7000,"height":2800,"caption":"Soft For Games"},"image":{"@id":"https:\/\/softlab.ro\/#\/schema\/logo\/image\/"}}]}},"_links":{"self":[{"href":"https:\/\/softlab.ro\/en\/wp-json\/wp\/v2\/pages\/5222","targetHints":{"allow":["GET"]}}],"collection":[{"href":"https:\/\/softlab.ro\/en\/wp-json\/wp\/v2\/pages"}],"about":[{"href":"https:\/\/softlab.ro\/en\/wp-json\/wp\/v2\/types\/page"}],"author":[{"embeddable":true,"href":"https:\/\/softlab.ro\/en\/wp-json\/wp\/v2\/users\/1"}],"replies":[{"embeddable":true,"href":"https:\/\/softlab.ro\/en\/wp-json\/wp\/v2\/comments?post=5222"}],"version-history":[{"count":25,"href":"https:\/\/softlab.ro\/en\/wp-json\/wp\/v2\/pages\/5222\/revisions"}],"predecessor-version":[{"id":5507,"href":"https:\/\/softlab.ro\/en\/wp-json\/wp\/v2\/pages\/5222\/revisions\/5507"}],"wp:attachment":[{"href":"https:\/\/softlab.ro\/en\/wp-json\/wp\/v2\/media?parent=5222"}],"curies":[{"name":"wp","href":"https:\/\/api.w.org\/{rel}","templated":true}]}}