{"id":5269,"date":"2024-07-23T08:16:19","date_gmt":"2024-07-23T08:16:19","guid":{"rendered":"https:\/\/softlab.ro\/?page_id=5269"},"modified":"2024-07-23T10:59:49","modified_gmt":"2024-07-23T10:59:49","slug":"notificari","status":"publish","type":"page","link":"https:\/\/softlab.ro\/en\/gambling\/notificari\/","title":{"rendered":"Notifications"},"content":{"rendered":"<div data-elementor-type=\"wp-page\" data-elementor-id=\"5269\" class=\"elementor elementor-5269\">\n\t\t\t\t\t\t<section class=\"elementor-section elementor-top-section elementor-element elementor-element-54ee459d ot-traditional elementor-section-boxed elementor-section-height-default elementor-section-height-default\" data-id=\"54ee459d\" data-element_type=\"section\" data-settings=\"{&quot;background_background&quot;:&quot;classic&quot;}\">\n\t\t\t\t\t\t<div class=\"elementor-container elementor-column-gap-default\">\n\t\t\t\t\t<div class=\"elementor-column elementor-col-100 elementor-top-column elementor-element elementor-element-64b819fc ot-flex-column-vertical\" data-id=\"64b819fc\" data-element_type=\"column\">\n\t\t\t<div class=\"elementor-widget-wrap elementor-element-populated\">\n\t\t\t\t\t\t<div class=\"elementor-element elementor-element-59fe26ab elementor-widget elementor-widget-iheading\" data-id=\"59fe26ab\" data-element_type=\"widget\" data-widget_type=\"iheading.default\">\n\t\t\t\t<div class=\"elementor-widget-container\">\n\t\t\t\t\t\t\t<div class=\"ot-heading\">\r\n\t        \t            <span>\/\/ Notifications<\/span>\r\n\t        \t    <\/div>\r\n\t    \t\t\t\t<\/div>\n\t\t\t\t<\/div>\n\t\t\t\t<div class=\"elementor-element elementor-element-5e6cd7f9 elementor-widget elementor-widget-text-editor\" data-id=\"5e6cd7f9\" data-element_type=\"widget\" data-widget_type=\"text-editor.default\">\n\t\t\t\t<div class=\"elementor-widget-container\">\n\t\t\t\t\t\t\t\t\t<p class=\"translation-block\">Our solution offers a wide range of real-time notifications through a dedicated mobile application, providing operators with instant and relevant information:<\/p><p class=\"translation-block\"><strong>Operator Benefits:<\/strong><br>\u2022 Instant alerts on suspicious activity or attempted fraud<br>\u2022 Notifications on large payments<br>\u2022 Real-time information on the status of ticket printers, including errors or lack of supplies<br>\u2022 Special SAS event alerts<br>\u2022 Instant notifications in case of winning Jackpot or other significant prizes<\/p>\t\t\t\t\t\t\t\t<\/div>\n\t\t\t\t<\/div>\n\t\t\t\t\t<\/div>\n\t\t<\/div>\n\t\t\t\t\t<\/div>\n\t\t<\/section>\n\t\t\t\t<section class=\"elementor-section elementor-inner-section elementor-element elementor-element-613f1b4f ot-traditional elementor-section-boxed elementor-section-height-default elementor-section-height-default\" data-id=\"613f1b4f\" data-element_type=\"section\">\n\t\t\t\t\t\t<div class=\"elementor-container elementor-column-gap-extended\">\n\t\t\t\t\t<div class=\"elementor-column elementor-col-33 elementor-inner-column elementor-element elementor-element-15ca4034 ot-flex-column-vertical\" data-id=\"15ca4034\" data-element_type=\"column\">\n\t\t\t<div class=\"elementor-widget-wrap elementor-element-populated\">\n\t\t\t\t\t\t<div class=\"elementor-element elementor-element-50d34e43 elementor-widget elementor-widget-iiconbox2\" data-id=\"50d34e43\" data-element_type=\"widget\" data-widget_type=\"iiconbox2.default\">\n\t\t\t\t<div class=\"elementor-widget-container\">\n\t\t\t\t\t\t\t<div class=\"icon-box-s2 s1\">\r\n\t\t\t<div class=\"icon-main\">\r\n\t\t        \t\t\t    \t\t        <span class=\"flaticon-code\"><\/span>\t\t        \t        <\/div>\r\n\t        <div class=\"content-box\">\r\n\t            <h5><a href=\"\/en\/gambling\/api-extern\/\">External APIs<\/a><\/h5>\r\n\t            <p>Seamless integration of your own applications with our services through efficient and secure APIs.<\/p>\r\n\t        <\/div>\r\n\t    <\/div>\r\n\t    \t\t\t\t<\/div>\n\t\t\t\t<\/div>\n\t\t\t\t<div class=\"elementor-element elementor-element-7fea82b5 elementor-widget elementor-widget-iiconbox2\" data-id=\"7fea82b5\" data-element_type=\"widget\" data-widget_type=\"iiconbox2.default\">\n\t\t\t\t<div class=\"elementor-widget-container\">\n\t\t\t\t\t\t\t<div class=\"icon-box-s2 s1\">\r\n\t\t\t<div class=\"icon-main\">\r\n\t\t        \t\t\t    \t\t        <span class=\"flaticon-browser\"><\/span>\t\t        \t        <\/div>\r\n\t        <div class=\"content-box\">\r\n\t            <h5><a href=\"\/en\/gambling\/publicitate-si-grafica\/\">Advertising and Graphics<\/a><\/h5>\r\n\t            <p>We are ready to offer you creative and effective advertising and graphic design solutions to attract customers.<\/p>\r\n\t        <\/div>\r\n\t    <\/div>\r\n\t    \t\t\t\t<\/div>\n\t\t\t\t<\/div>\n\t\t\t\t<div class=\"elementor-element elementor-element-2c10b9bc elementor-widget elementor-widget-iiconbox2\" data-id=\"2c10b9bc\" data-element_type=\"widget\" data-widget_type=\"iiconbox2.default\">\n\t\t\t\t<div class=\"elementor-widget-container\">\n\t\t\t\t\t\t\t<div class=\"icon-box-s2 s1\">\r\n\t\t\t<div class=\"icon-main\">\r\n\t\t        \t\t\t    \t\t        <span class=\"flaticon-browser\"><\/span>\t\t        \t        <\/div>\r\n\t        <div class=\"content-box\">\r\n\t            <h5><a href=\"\/en\/gambling\/cashless\/\">Cashless<\/a><\/h5>\r\n\t            <p>Fast and secure cashless transactions for a modern and efficient gaming experience.<\/p>\r\n\t        <\/div>\r\n\t    <\/div>\r\n\t    \t\t\t\t<\/div>\n\t\t\t\t<\/div>\n\t\t\t\t\t<\/div>\n\t\t<\/div>\n\t\t\t\t<div class=\"elementor-column elementor-col-33 elementor-inner-column elementor-element elementor-element-115da19a ot-flex-column-vertical\" data-id=\"115da19a\" data-element_type=\"column\">\n\t\t\t<div class=\"elementor-widget-wrap elementor-element-populated\">\n\t\t\t\t\t\t<div class=\"elementor-element elementor-element-49d85b9e elementor-widget elementor-widget-iiconbox2\" data-id=\"49d85b9e\" data-element_type=\"widget\" data-widget_type=\"iiconbox2.default\">\n\t\t\t\t<div class=\"elementor-widget-container\">\n\t\t\t\t\t\t\t<div class=\"icon-box-s2 s1\">\r\n\t\t\t<div class=\"icon-main\">\r\n\t\t        \t\t\t    \t\t        <span class=\"flaticon-app\"><\/span>\t\t        \t        <\/div>\r\n\t        <div class=\"content-box\">\r\n\t            <h5><a href=\"\/en\/gambling\/loialitate-jucatori\/\">Loyalty Players<\/a><\/h5>\r\n\t            <p>Increase player retention and satisfaction with customized and effective loyalty programs.<\/p>\r\n\t        <\/div>\r\n\t    <\/div>\r\n\t    \t\t\t\t<\/div>\n\t\t\t\t<\/div>\n\t\t\t\t<div class=\"elementor-element elementor-element-399ee7cc elementor-widget elementor-widget-iiconbox2\" data-id=\"399ee7cc\" data-element_type=\"widget\" data-widget_type=\"iiconbox2.default\">\n\t\t\t\t<div class=\"elementor-widget-container\">\n\t\t\t\t\t\t\t<div class=\"icon-box-s2 s1\">\r\n\t\t\t<div class=\"icon-main\">\r\n\t\t        \t\t\t    \t\t        <span class=\"flaticon-report-1\"><\/span>\t\t        \t        <\/div>\r\n\t        <div class=\"content-box\">\r\n\t            <h5><a href=\"\/en\/gambling\/tichete-tito\/\">Tickets (TITO)<\/a><\/h5>\r\n\t            <p>Simplify payment and earnings management with the efficient TITO voucher system.<\/p>\r\n\t        <\/div>\r\n\t    <\/div>\r\n\t    \t\t\t\t<\/div>\n\t\t\t\t<\/div>\n\t\t\t\t<div class=\"elementor-element elementor-element-694571c0 elementor-widget elementor-widget-iiconbox2\" data-id=\"694571c0\" data-element_type=\"widget\" data-widget_type=\"iiconbox2.default\">\n\t\t\t\t<div class=\"elementor-widget-container\">\n\t\t\t\t\t\t\t<div class=\"icon-box-s2 s1\">\r\n\t\t\t<div class=\"icon-main\">\r\n\t\t        \t\t\t    \t\t        <span class=\"flaticon-browser\"><\/span>\t\t        \t        <\/div>\r\n\t        <div class=\"content-box\">\r\n\t            <h5><a href=\"\/en\/gambling\/rapoarte\/\">Reports<\/a><\/h5>\r\n\t            <p>Access detailed reports and analytics to optimize business performance. Export financial information.<\/p>\r\n\t        <\/div>\r\n\t    <\/div>\r\n\t    \t\t\t\t<\/div>\n\t\t\t\t<\/div>\n\t\t\t\t\t<\/div>\n\t\t<\/div>\n\t\t\t\t<div class=\"elementor-column elementor-col-33 elementor-inner-column elementor-element elementor-element-3655d847 elementor-hidden-tablet ot-flex-column-vertical\" data-id=\"3655d847\" data-element_type=\"column\">\n\t\t\t<div class=\"elementor-widget-wrap elementor-element-populated\">\n\t\t\t\t\t\t<div class=\"elementor-element elementor-element-25cc44fe elementor-widget elementor-widget-iiconbox2\" data-id=\"25cc44fe\" data-element_type=\"widget\" data-widget_type=\"iiconbox2.default\">\n\t\t\t\t<div class=\"elementor-widget-container\">\n\t\t\t\t\t\t\t<div class=\"icon-box-s2 s1\">\r\n\t\t\t<div class=\"icon-main\">\r\n\t\t        \t\t\t    \t\t        <span class=\"flaticon-monitor\"><\/span>\t\t        \t        <\/div>\r\n\t        <div class=\"content-box\">\r\n\t            <h5><a href=\"\/en\/gambling\/jackpot-uri\/\">Jackpots<\/a><\/h5>\r\n\t            <p>It offers exciting experiences with attractive jackpots and prizes for players. Reports in real time.<\/p>\r\n\t        <\/div>\r\n\t    <\/div>\r\n\t    \t\t\t\t<\/div>\n\t\t\t\t<\/div>\n\t\t\t\t<div class=\"elementor-element elementor-element-5a097999 elementor-widget elementor-widget-iiconbox2\" data-id=\"5a097999\" data-element_type=\"widget\" data-widget_type=\"iiconbox2.default\">\n\t\t\t\t<div class=\"elementor-widget-container\">\n\t\t\t\t\t\t\t<div class=\"icon-box-s2 s1\">\r\n\t\t\t<div class=\"icon-main\">\r\n\t\t        \t\t\t    \t\t        <span class=\"flaticon-best\"><\/span>\t\t        \t        <\/div>\r\n\t        <div class=\"content-box\">\r\n\t            <h5><a href=\"\/en\/gambling\/notificari\/\">Notifications<\/a><\/h5>\r\n\t            <p>We keep you up to date with all the information you need to make quick and correct decisions. <\/p>\r\n\t        <\/div>\r\n\t    <\/div>\r\n\t    \t\t\t\t<\/div>\n\t\t\t\t<\/div>\n\t\t\t\t<div class=\"elementor-element elementor-element-1dcb26d2 elementor-widget elementor-widget-iiconbox2\" data-id=\"1dcb26d2\" data-element_type=\"widget\" data-widget_type=\"iiconbox2.default\">\n\t\t\t\t<div class=\"elementor-widget-container\">\n\t\t\t\t\t\t\t<div class=\"icon-box-s2 s1\">\r\n\t\t\t<div class=\"icon-main\">\r\n\t\t        \t\t\t    \t\t        <span class=\"flaticon-browser\"><\/span>\t\t        \t        <\/div>\r\n\t        <div class=\"content-box\">\r\n\t            <h5><a href=\"\/en\/gambling\/securitate-cloud\/\">Cloud Security<\/a><\/h5>\r\n\t            <p>We protect data and applications with advanced cloud security solutions according to the European NIS2 Directive<\/p>\r\n\t        <\/div>\r\n\t    <\/div>\r\n\t    \t\t\t\t<\/div>\n\t\t\t\t<\/div>\n\t\t\t\t\t<\/div>\n\t\t<\/div>\n\t\t\t\t\t<\/div>\n\t\t<\/section>\n\t\t\t\t<\/div>","protected":false},"excerpt":{"rendered":"<p>\/\/ Notific\u0103ri Solu\u021bia noastr\u0103 ofer\u0103 o gam\u0103 larg\u0103 de notific\u0103ri \u00een timpreal printr-o aplica\u021bia mobil\u0103 dedicat\u0103, oferind operatorilor informa\u021bii instantanee \u0219i relevante: Beneficii Operator:\u2022 Alerte instantanee \u00een caz de activitate suspect\u0103 sau tentativ\u0103 de fraud\u0103\u2022 Notific\u0103ri privind pl\u0103\u021bile considerabile\u2022 Informa\u021bii \u00een timp real despre starea imprimantelor de tichete, inclusiv erori sau lipsade consumabile\u2022 Alerte privind [&hellip;]<\/p>","protected":false},"author":1,"featured_media":0,"parent":5222,"menu_order":0,"comment_status":"closed","ping_status":"closed","template":"","meta":{"footnotes":""},"class_list":["post-5269","page","type-page","status-publish","hentry"],"yoast_head":"<!-- This site is optimized with the Yoast SEO plugin v24.4 - https:\/\/yoast.com\/wordpress\/plugins\/seo\/ -->\n<title>Notific\u0103ri - Soft Lab<\/title>\n<meta name=\"robots\" content=\"index, follow, max-snippet:-1, max-image-preview:large, max-video-preview:-1\" \/>\n<link rel=\"canonical\" href=\"https:\/\/softlab.ro\/en\/gambling\/notificari\/\" \/>\n<meta property=\"og:locale\" content=\"en_US\" \/>\n<meta property=\"og:type\" content=\"article\" \/>\n<meta property=\"og:title\" content=\"Notific\u0103ri - Soft Lab\" \/>\n<meta property=\"og:description\" content=\"\/\/ Notific\u0103ri Solu\u021bia noastr\u0103 ofer\u0103 o gam\u0103 larg\u0103 de notific\u0103ri \u00een timpreal printr-o aplica\u021bia mobil\u0103 dedicat\u0103, oferind operatorilor informa\u021bii instantanee \u0219i relevante: Beneficii Operator:\u2022 Alerte instantanee \u00een caz de activitate suspect\u0103 sau tentativ\u0103 de fraud\u0103\u2022 Notific\u0103ri privind pl\u0103\u021bile considerabile\u2022 Informa\u021bii \u00een timp real despre starea imprimantelor de tichete, inclusiv erori sau lipsade consumabile\u2022 Alerte privind [&hellip;]\" \/>\n<meta property=\"og:url\" content=\"https:\/\/softlab.ro\/en\/gambling\/notificari\/\" \/>\n<meta property=\"og:site_name\" content=\"Soft Lab\" \/>\n<meta property=\"article:modified_time\" content=\"2024-07-23T10:59:49+00:00\" \/>\n<meta name=\"twitter:card\" content=\"summary_large_image\" \/>\n<meta name=\"twitter:label1\" content=\"Est. reading time\" \/>\n\t<meta name=\"twitter:data1\" content=\"1 minute\" \/>\n<script type=\"application\/ld+json\" class=\"yoast-schema-graph\">{\"@context\":\"https:\/\/schema.org\",\"@graph\":[{\"@type\":\"WebPage\",\"@id\":\"https:\/\/softlab.ro\/gambling\/notificari\/\",\"url\":\"https:\/\/softlab.ro\/gambling\/notificari\/\",\"name\":\"Notific\u0103ri - Soft Lab\",\"isPartOf\":{\"@id\":\"https:\/\/softlab.ro\/#website\"},\"datePublished\":\"2024-07-23T08:16:19+00:00\",\"dateModified\":\"2024-07-23T10:59:49+00:00\",\"breadcrumb\":{\"@id\":\"https:\/\/softlab.ro\/gambling\/notificari\/#breadcrumb\"},\"inLanguage\":\"en-US\",\"potentialAction\":[{\"@type\":\"ReadAction\",\"target\":[\"https:\/\/softlab.ro\/gambling\/notificari\/\"]}]},{\"@type\":\"BreadcrumbList\",\"@id\":\"https:\/\/softlab.ro\/gambling\/notificari\/#breadcrumb\",\"itemListElement\":[{\"@type\":\"ListItem\",\"position\":1,\"name\":\"Home\",\"item\":\"https:\/\/softlab.ro\/\"},{\"@type\":\"ListItem\",\"position\":2,\"name\":\"Gambling\",\"item\":\"https:\/\/softlab.ro\/gambling\/\"},{\"@type\":\"ListItem\",\"position\":3,\"name\":\"Notific\u0103ri\"}]},{\"@type\":\"WebSite\",\"@id\":\"https:\/\/softlab.ro\/#website\",\"url\":\"https:\/\/softlab.ro\/\",\"name\":\"Soft Lab\",\"description\":\"\",\"publisher\":{\"@id\":\"https:\/\/softlab.ro\/#organization\"},\"potentialAction\":[{\"@type\":\"SearchAction\",\"target\":{\"@type\":\"EntryPoint\",\"urlTemplate\":\"https:\/\/softlab.ro\/?s={search_term_string}\"},\"query-input\":{\"@type\":\"PropertyValueSpecification\",\"valueRequired\":true,\"valueName\":\"search_term_string\"}}],\"inLanguage\":\"en-US\"},{\"@type\":\"Organization\",\"@id\":\"https:\/\/softlab.ro\/#organization\",\"name\":\"Soft For Games\",\"url\":\"https:\/\/softlab.ro\/\",\"logo\":{\"@type\":\"ImageObject\",\"inLanguage\":\"en-US\",\"@id\":\"https:\/\/softlab.ro\/#\/schema\/logo\/image\/\",\"url\":\"https:\/\/softlab.ro\/wp-content\/uploads\/2020\/09\/logo_softlab_2.png\",\"contentUrl\":\"https:\/\/softlab.ro\/wp-content\/uploads\/2020\/09\/logo_softlab_2.png\",\"width\":7000,\"height\":2800,\"caption\":\"Soft For Games\"},\"image\":{\"@id\":\"https:\/\/softlab.ro\/#\/schema\/logo\/image\/\"}}]}<\/script>\n<!-- \/ Yoast SEO plugin. -->","yoast_head_json":{"title":"Notific\u0103ri - Soft Lab","robots":{"index":"index","follow":"follow","max-snippet":"max-snippet:-1","max-image-preview":"max-image-preview:large","max-video-preview":"max-video-preview:-1"},"canonical":"https:\/\/softlab.ro\/en\/gambling\/notificari\/","og_locale":"en_US","og_type":"article","og_title":"Notific\u0103ri - Soft Lab","og_description":"\/\/ Notific\u0103ri Solu\u021bia noastr\u0103 ofer\u0103 o gam\u0103 larg\u0103 de notific\u0103ri \u00een timpreal printr-o aplica\u021bia mobil\u0103 dedicat\u0103, oferind operatorilor informa\u021bii instantanee \u0219i relevante: Beneficii Operator:\u2022 Alerte instantanee \u00een caz de activitate suspect\u0103 sau tentativ\u0103 de fraud\u0103\u2022 Notific\u0103ri privind pl\u0103\u021bile considerabile\u2022 Informa\u021bii \u00een timp real despre starea imprimantelor de tichete, inclusiv erori sau lipsade consumabile\u2022 Alerte privind [&hellip;]","og_url":"https:\/\/softlab.ro\/en\/gambling\/notificari\/","og_site_name":"Soft Lab","article_modified_time":"2024-07-23T10:59:49+00:00","twitter_card":"summary_large_image","twitter_misc":{"Est. reading time":"1 minute"},"schema":{"@context":"https:\/\/schema.org","@graph":[{"@type":"WebPage","@id":"https:\/\/softlab.ro\/gambling\/notificari\/","url":"https:\/\/softlab.ro\/gambling\/notificari\/","name":"Notific\u0103ri - Soft Lab","isPartOf":{"@id":"https:\/\/softlab.ro\/#website"},"datePublished":"2024-07-23T08:16:19+00:00","dateModified":"2024-07-23T10:59:49+00:00","breadcrumb":{"@id":"https:\/\/softlab.ro\/gambling\/notificari\/#breadcrumb"},"inLanguage":"en-US","potentialAction":[{"@type":"ReadAction","target":["https:\/\/softlab.ro\/gambling\/notificari\/"]}]},{"@type":"BreadcrumbList","@id":"https:\/\/softlab.ro\/gambling\/notificari\/#breadcrumb","itemListElement":[{"@type":"ListItem","position":1,"name":"Home","item":"https:\/\/softlab.ro\/"},{"@type":"ListItem","position":2,"name":"Gambling","item":"https:\/\/softlab.ro\/gambling\/"},{"@type":"ListItem","position":3,"name":"Notific\u0103ri"}]},{"@type":"WebSite","@id":"https:\/\/softlab.ro\/#website","url":"https:\/\/softlab.ro\/","name":"Soft Lab","description":"","publisher":{"@id":"https:\/\/softlab.ro\/#organization"},"potentialAction":[{"@type":"SearchAction","target":{"@type":"EntryPoint","urlTemplate":"https:\/\/softlab.ro\/?s={search_term_string}"},"query-input":{"@type":"PropertyValueSpecification","valueRequired":true,"valueName":"search_term_string"}}],"inLanguage":"en-US"},{"@type":"Organization","@id":"https:\/\/softlab.ro\/#organization","name":"Soft For Games","url":"https:\/\/softlab.ro\/","logo":{"@type":"ImageObject","inLanguage":"en-US","@id":"https:\/\/softlab.ro\/#\/schema\/logo\/image\/","url":"https:\/\/softlab.ro\/wp-content\/uploads\/2020\/09\/logo_softlab_2.png","contentUrl":"https:\/\/softlab.ro\/wp-content\/uploads\/2020\/09\/logo_softlab_2.png","width":7000,"height":2800,"caption":"Soft For Games"},"image":{"@id":"https:\/\/softlab.ro\/#\/schema\/logo\/image\/"}}]}},"_links":{"self":[{"href":"https:\/\/softlab.ro\/en\/wp-json\/wp\/v2\/pages\/5269","targetHints":{"allow":["GET"]}}],"collection":[{"href":"https:\/\/softlab.ro\/en\/wp-json\/wp\/v2\/pages"}],"about":[{"href":"https:\/\/softlab.ro\/en\/wp-json\/wp\/v2\/types\/page"}],"author":[{"embeddable":true,"href":"https:\/\/softlab.ro\/en\/wp-json\/wp\/v2\/users\/1"}],"replies":[{"embeddable":true,"href":"https:\/\/softlab.ro\/en\/wp-json\/wp\/v2\/comments?post=5269"}],"version-history":[{"count":7,"href":"https:\/\/softlab.ro\/en\/wp-json\/wp\/v2\/pages\/5269\/revisions"}],"predecessor-version":[{"id":5350,"href":"https:\/\/softlab.ro\/en\/wp-json\/wp\/v2\/pages\/5269\/revisions\/5350"}],"up":[{"embeddable":true,"href":"https:\/\/softlab.ro\/en\/wp-json\/wp\/v2\/pages\/5222"}],"wp:attachment":[{"href":"https:\/\/softlab.ro\/en\/wp-json\/wp\/v2\/media?parent=5269"}],"curies":[{"name":"wp","href":"https:\/\/api.w.org\/{rel}","templated":true}]}}