{"id":5271,"date":"2024-07-23T08:16:34","date_gmt":"2024-07-23T08:16:34","guid":{"rendered":"https:\/\/softlab.ro\/?page_id=5271"},"modified":"2024-07-23T11:35:35","modified_gmt":"2024-07-23T11:35:35","slug":"cashless","status":"publish","type":"page","link":"https:\/\/softlab.ro\/en\/gambling\/cashless\/","title":{"rendered":"Cashless"},"content":{"rendered":"<div data-elementor-type=\"wp-page\" data-elementor-id=\"5271\" class=\"elementor elementor-5271\">\n\t\t\t\t\t\t<section class=\"elementor-section elementor-top-section elementor-element elementor-element-6b16f78c ot-traditional elementor-section-boxed elementor-section-height-default elementor-section-height-default\" data-id=\"6b16f78c\" data-element_type=\"section\" data-settings=\"{&quot;background_background&quot;:&quot;classic&quot;}\">\n\t\t\t\t\t\t<div class=\"elementor-container elementor-column-gap-default\">\n\t\t\t\t\t<div class=\"elementor-column elementor-col-100 elementor-top-column elementor-element elementor-element-627fe243 ot-flex-column-vertical\" data-id=\"627fe243\" data-element_type=\"column\">\n\t\t\t<div class=\"elementor-widget-wrap elementor-element-populated\">\n\t\t\t\t\t\t<div class=\"elementor-element elementor-element-463fcb7b elementor-widget elementor-widget-iheading\" data-id=\"463fcb7b\" data-element_type=\"widget\" data-widget_type=\"iheading.default\">\n\t\t\t\t<div class=\"elementor-widget-container\">\n\t\t\t\t\t\t\t<div class=\"ot-heading\">\r\n\t        \t            <span>\/\/ Cashless<\/span>\r\n\t        \t    <\/div>\r\n\t    \t\t\t\t<\/div>\n\t\t\t\t<\/div>\n\t\t\t\t<div class=\"elementor-element elementor-element-37130e5d elementor-widget elementor-widget-text-editor\" data-id=\"37130e5d\" data-element_type=\"widget\" data-widget_type=\"text-editor.default\">\n\t\t\t\t<div class=\"elementor-widget-container\">\n\t\t\t\t\t\t\t\t\t<p>Our solution offers a wide range of cashless payment options, simplifying and securing financial transactions for players.<\/p><p class=\"translation-block\"><strong>Operator Benefits:<\/strong><br>\u2022 Instant money transfer on an EGM in credit position<br>\u2022 Credit reset from cashier<br>\u2022 Easy access to a complete transaction history<\/p><p class=\"translation-block\"><strong>Customer Benefits:<\/strong><br>\u2022 All transactions are processed through secure channels to protect financial data<br>\u2022 Instant transactions allow players to bet faster and more conveniently<\/p>\t\t\t\t\t\t\t\t<\/div>\n\t\t\t\t<\/div>\n\t\t\t\t\t<\/div>\n\t\t<\/div>\n\t\t\t\t\t<\/div>\n\t\t<\/section>\n\t\t\t\t<section class=\"elementor-section elementor-inner-section elementor-element elementor-element-12a15849 ot-traditional elementor-section-boxed elementor-section-height-default elementor-section-height-default\" data-id=\"12a15849\" data-element_type=\"section\">\n\t\t\t\t\t\t<div class=\"elementor-container elementor-column-gap-extended\">\n\t\t\t\t\t<div class=\"elementor-column elementor-col-33 elementor-inner-column elementor-element elementor-element-5bfd258f ot-flex-column-vertical\" data-id=\"5bfd258f\" data-element_type=\"column\">\n\t\t\t<div class=\"elementor-widget-wrap elementor-element-populated\">\n\t\t\t\t\t\t<div class=\"elementor-element elementor-element-5bfab3d8 elementor-widget elementor-widget-iiconbox2\" data-id=\"5bfab3d8\" data-element_type=\"widget\" data-widget_type=\"iiconbox2.default\">\n\t\t\t\t<div class=\"elementor-widget-container\">\n\t\t\t\t\t\t\t<div class=\"icon-box-s2 s1\">\r\n\t\t\t<div class=\"icon-main\">\r\n\t\t        \t\t\t    \t\t        <span class=\"flaticon-code\"><\/span>\t\t        \t        <\/div>\r\n\t        <div class=\"content-box\">\r\n\t            <h5><a href=\"\/en\/gambling\/api-extern\/\">External APIs<\/a><\/h5>\r\n\t            <p>Seamless integration of your own applications with our services through efficient and secure APIs.<\/p>\r\n\t        <\/div>\r\n\t    <\/div>\r\n\t    \t\t\t\t<\/div>\n\t\t\t\t<\/div>\n\t\t\t\t<div class=\"elementor-element elementor-element-2c2a792c elementor-widget elementor-widget-iiconbox2\" data-id=\"2c2a792c\" data-element_type=\"widget\" data-widget_type=\"iiconbox2.default\">\n\t\t\t\t<div class=\"elementor-widget-container\">\n\t\t\t\t\t\t\t<div class=\"icon-box-s2 s1\">\r\n\t\t\t<div class=\"icon-main\">\r\n\t\t        \t\t\t    \t\t        <span class=\"flaticon-browser\"><\/span>\t\t        \t        <\/div>\r\n\t        <div class=\"content-box\">\r\n\t            <h5><a href=\"\/en\/gambling\/publicitate-si-grafica\/\">Advertising and Graphics<\/a><\/h5>\r\n\t            <p>We are ready to offer you creative and effective advertising and graphic design solutions to attract customers.<\/p>\r\n\t        <\/div>\r\n\t    <\/div>\r\n\t    \t\t\t\t<\/div>\n\t\t\t\t<\/div>\n\t\t\t\t<div class=\"elementor-element elementor-element-1600c8ea elementor-widget elementor-widget-iiconbox2\" data-id=\"1600c8ea\" data-element_type=\"widget\" data-widget_type=\"iiconbox2.default\">\n\t\t\t\t<div class=\"elementor-widget-container\">\n\t\t\t\t\t\t\t<div class=\"icon-box-s2 s1\">\r\n\t\t\t<div class=\"icon-main\">\r\n\t\t        \t\t\t    \t\t        <span class=\"flaticon-browser\"><\/span>\t\t        \t        <\/div>\r\n\t        <div class=\"content-box\">\r\n\t            <h5><a href=\"\/en\/gambling\/cashless\/\">Cashless<\/a><\/h5>\r\n\t            <p>Fast and secure cashless transactions for a modern and efficient gaming experience.<\/p>\r\n\t        <\/div>\r\n\t    <\/div>\r\n\t    \t\t\t\t<\/div>\n\t\t\t\t<\/div>\n\t\t\t\t\t<\/div>\n\t\t<\/div>\n\t\t\t\t<div class=\"elementor-column elementor-col-33 elementor-inner-column elementor-element elementor-element-770420a3 ot-flex-column-vertical\" data-id=\"770420a3\" data-element_type=\"column\">\n\t\t\t<div class=\"elementor-widget-wrap elementor-element-populated\">\n\t\t\t\t\t\t<div class=\"elementor-element elementor-element-39d429be elementor-widget elementor-widget-iiconbox2\" data-id=\"39d429be\" data-element_type=\"widget\" data-widget_type=\"iiconbox2.default\">\n\t\t\t\t<div class=\"elementor-widget-container\">\n\t\t\t\t\t\t\t<div class=\"icon-box-s2 s1\">\r\n\t\t\t<div class=\"icon-main\">\r\n\t\t        \t\t\t    \t\t        <span class=\"flaticon-app\"><\/span>\t\t        \t        <\/div>\r\n\t        <div class=\"content-box\">\r\n\t            <h5><a href=\"\/en\/gambling\/loialitate-jucatori\/\">Loyalty Players<\/a><\/h5>\r\n\t            <p>Increase player retention and satisfaction with customized and effective loyalty programs.<\/p>\r\n\t        <\/div>\r\n\t    <\/div>\r\n\t    \t\t\t\t<\/div>\n\t\t\t\t<\/div>\n\t\t\t\t<div class=\"elementor-element elementor-element-3a1bcc46 elementor-widget elementor-widget-iiconbox2\" data-id=\"3a1bcc46\" data-element_type=\"widget\" data-widget_type=\"iiconbox2.default\">\n\t\t\t\t<div class=\"elementor-widget-container\">\n\t\t\t\t\t\t\t<div class=\"icon-box-s2 s1\">\r\n\t\t\t<div class=\"icon-main\">\r\n\t\t        \t\t\t    \t\t        <span class=\"flaticon-report-1\"><\/span>\t\t        \t        <\/div>\r\n\t        <div class=\"content-box\">\r\n\t            <h5><a href=\"\/en\/gambling\/tichete-tito\/\">Tickets (TITO)<\/a><\/h5>\r\n\t            <p>Simplify payment and earnings management with the efficient TITO voucher system.<\/p>\r\n\t        <\/div>\r\n\t    <\/div>\r\n\t    \t\t\t\t<\/div>\n\t\t\t\t<\/div>\n\t\t\t\t<div class=\"elementor-element elementor-element-652126bf elementor-widget elementor-widget-iiconbox2\" data-id=\"652126bf\" data-element_type=\"widget\" data-widget_type=\"iiconbox2.default\">\n\t\t\t\t<div class=\"elementor-widget-container\">\n\t\t\t\t\t\t\t<div class=\"icon-box-s2 s1\">\r\n\t\t\t<div class=\"icon-main\">\r\n\t\t        \t\t\t    \t\t        <span class=\"flaticon-browser\"><\/span>\t\t        \t        <\/div>\r\n\t        <div class=\"content-box\">\r\n\t            <h5><a href=\"\/en\/gambling\/rapoarte\/\">Reports<\/a><\/h5>\r\n\t            <p>Access detailed reports and analytics to optimize business performance. Export financial information.<\/p>\r\n\t        <\/div>\r\n\t    <\/div>\r\n\t    \t\t\t\t<\/div>\n\t\t\t\t<\/div>\n\t\t\t\t\t<\/div>\n\t\t<\/div>\n\t\t\t\t<div class=\"elementor-column elementor-col-33 elementor-inner-column elementor-element elementor-element-61915108 elementor-hidden-tablet ot-flex-column-vertical\" data-id=\"61915108\" data-element_type=\"column\">\n\t\t\t<div class=\"elementor-widget-wrap elementor-element-populated\">\n\t\t\t\t\t\t<div class=\"elementor-element elementor-element-1e547c82 elementor-widget elementor-widget-iiconbox2\" data-id=\"1e547c82\" data-element_type=\"widget\" data-widget_type=\"iiconbox2.default\">\n\t\t\t\t<div class=\"elementor-widget-container\">\n\t\t\t\t\t\t\t<div class=\"icon-box-s2 s1\">\r\n\t\t\t<div class=\"icon-main\">\r\n\t\t        \t\t\t    \t\t        <span class=\"flaticon-monitor\"><\/span>\t\t        \t        <\/div>\r\n\t        <div class=\"content-box\">\r\n\t            <h5><a href=\"\/en\/gambling\/jackpot-uri\/\">Jackpots<\/a><\/h5>\r\n\t            <p>It offers exciting experiences with attractive jackpots and prizes for players. Reports in real time.<\/p>\r\n\t        <\/div>\r\n\t    <\/div>\r\n\t    \t\t\t\t<\/div>\n\t\t\t\t<\/div>\n\t\t\t\t<div class=\"elementor-element elementor-element-1e11d7f5 elementor-widget elementor-widget-iiconbox2\" data-id=\"1e11d7f5\" data-element_type=\"widget\" data-widget_type=\"iiconbox2.default\">\n\t\t\t\t<div class=\"elementor-widget-container\">\n\t\t\t\t\t\t\t<div class=\"icon-box-s2 s1\">\r\n\t\t\t<div class=\"icon-main\">\r\n\t\t        \t\t\t    \t\t        <span class=\"flaticon-best\"><\/span>\t\t        \t        <\/div>\r\n\t        <div class=\"content-box\">\r\n\t            <h5><a href=\"\/en\/gambling\/notificari\/\">Notifications<\/a><\/h5>\r\n\t            <p>We keep you up to date with all the information you need to make quick and correct decisions. <\/p>\r\n\t        <\/div>\r\n\t    <\/div>\r\n\t    \t\t\t\t<\/div>\n\t\t\t\t<\/div>\n\t\t\t\t<div class=\"elementor-element elementor-element-53e3b639 elementor-widget elementor-widget-iiconbox2\" data-id=\"53e3b639\" data-element_type=\"widget\" data-widget_type=\"iiconbox2.default\">\n\t\t\t\t<div class=\"elementor-widget-container\">\n\t\t\t\t\t\t\t<div class=\"icon-box-s2 s1\">\r\n\t\t\t<div class=\"icon-main\">\r\n\t\t        \t\t\t    \t\t        <span class=\"flaticon-browser\"><\/span>\t\t        \t        <\/div>\r\n\t        <div class=\"content-box\">\r\n\t            <h5><a href=\"\/en\/gambling\/securitate-cloud\/\">Cloud Security<\/a><\/h5>\r\n\t            <p>We protect data and applications with advanced cloud security solutions according to the European NIS2 Directive<\/p>\r\n\t        <\/div>\r\n\t    <\/div>\r\n\t    \t\t\t\t<\/div>\n\t\t\t\t<\/div>\n\t\t\t\t\t<\/div>\n\t\t<\/div>\n\t\t\t\t\t<\/div>\n\t\t<\/section>\n\t\t\t\t<\/div>","protected":false},"excerpt":{"rendered":"<p>\/\/ Cashless Solu\u021bia noastr\u0103 ofer\u0103 o gam\u0103 larg\u0103 de op\u021biuni de plat\u0103 cashless, simplific\u00e2nd \u0219i securiz\u00e2nd tranzac\u021biile financiare pentru juc\u0103tori. Beneficii Operator:\u2022 Transfer de bani instantaneu pe un EGM \u00een pozi\u021bia credit\u2022 Resetarea credit din casierie\u2022 Acces facil la un istoric complet al tranzac\u021biilor Beneficii Client:\u2022 Toate tranzac\u021biile sunt procesate prin canale securizate pentru a [&hellip;]<\/p>","protected":false},"author":1,"featured_media":0,"parent":5222,"menu_order":0,"comment_status":"closed","ping_status":"closed","template":"","meta":{"footnotes":""},"class_list":["post-5271","page","type-page","status-publish","hentry"],"yoast_head":"<!-- This site is optimized with the Yoast SEO plugin v24.4 - https:\/\/yoast.com\/wordpress\/plugins\/seo\/ -->\n<title>Cashless - Soft Lab<\/title>\n<meta name=\"robots\" content=\"index, follow, max-snippet:-1, max-image-preview:large, max-video-preview:-1\" \/>\n<link rel=\"canonical\" href=\"https:\/\/softlab.ro\/en\/gambling\/cashless\/\" \/>\n<meta property=\"og:locale\" content=\"en_US\" \/>\n<meta property=\"og:type\" content=\"article\" \/>\n<meta property=\"og:title\" content=\"Cashless - Soft Lab\" \/>\n<meta property=\"og:description\" content=\"\/\/ Cashless Solu\u021bia noastr\u0103 ofer\u0103 o gam\u0103 larg\u0103 de op\u021biuni de plat\u0103 cashless, simplific\u00e2nd \u0219i securiz\u00e2nd tranzac\u021biile financiare pentru juc\u0103tori. Beneficii Operator:\u2022 Transfer de bani instantaneu pe un EGM \u00een pozi\u021bia credit\u2022 Resetarea credit din casierie\u2022 Acces facil la un istoric complet al tranzac\u021biilor Beneficii Client:\u2022 Toate tranzac\u021biile sunt procesate prin canale securizate pentru a [&hellip;]\" \/>\n<meta property=\"og:url\" content=\"https:\/\/softlab.ro\/en\/gambling\/cashless\/\" \/>\n<meta property=\"og:site_name\" content=\"Soft Lab\" \/>\n<meta property=\"article:modified_time\" content=\"2024-07-23T11:35:35+00:00\" \/>\n<meta name=\"twitter:card\" content=\"summary_large_image\" \/>\n<meta name=\"twitter:label1\" content=\"Est. reading time\" \/>\n\t<meta name=\"twitter:data1\" content=\"1 minute\" \/>\n<script type=\"application\/ld+json\" class=\"yoast-schema-graph\">{\"@context\":\"https:\/\/schema.org\",\"@graph\":[{\"@type\":\"WebPage\",\"@id\":\"https:\/\/softlab.ro\/gambling\/cashless\/\",\"url\":\"https:\/\/softlab.ro\/gambling\/cashless\/\",\"name\":\"Cashless - Soft Lab\",\"isPartOf\":{\"@id\":\"https:\/\/softlab.ro\/#website\"},\"datePublished\":\"2024-07-23T08:16:34+00:00\",\"dateModified\":\"2024-07-23T11:35:35+00:00\",\"breadcrumb\":{\"@id\":\"https:\/\/softlab.ro\/gambling\/cashless\/#breadcrumb\"},\"inLanguage\":\"en-US\",\"potentialAction\":[{\"@type\":\"ReadAction\",\"target\":[\"https:\/\/softlab.ro\/gambling\/cashless\/\"]}]},{\"@type\":\"BreadcrumbList\",\"@id\":\"https:\/\/softlab.ro\/gambling\/cashless\/#breadcrumb\",\"itemListElement\":[{\"@type\":\"ListItem\",\"position\":1,\"name\":\"Home\",\"item\":\"https:\/\/softlab.ro\/\"},{\"@type\":\"ListItem\",\"position\":2,\"name\":\"Gambling\",\"item\":\"https:\/\/softlab.ro\/gambling\/\"},{\"@type\":\"ListItem\",\"position\":3,\"name\":\"Cashless\"}]},{\"@type\":\"WebSite\",\"@id\":\"https:\/\/softlab.ro\/#website\",\"url\":\"https:\/\/softlab.ro\/\",\"name\":\"Soft Lab\",\"description\":\"\",\"publisher\":{\"@id\":\"https:\/\/softlab.ro\/#organization\"},\"potentialAction\":[{\"@type\":\"SearchAction\",\"target\":{\"@type\":\"EntryPoint\",\"urlTemplate\":\"https:\/\/softlab.ro\/?s={search_term_string}\"},\"query-input\":{\"@type\":\"PropertyValueSpecification\",\"valueRequired\":true,\"valueName\":\"search_term_string\"}}],\"inLanguage\":\"en-US\"},{\"@type\":\"Organization\",\"@id\":\"https:\/\/softlab.ro\/#organization\",\"name\":\"Soft For Games\",\"url\":\"https:\/\/softlab.ro\/\",\"logo\":{\"@type\":\"ImageObject\",\"inLanguage\":\"en-US\",\"@id\":\"https:\/\/softlab.ro\/#\/schema\/logo\/image\/\",\"url\":\"https:\/\/softlab.ro\/wp-content\/uploads\/2020\/09\/logo_softlab_2.png\",\"contentUrl\":\"https:\/\/softlab.ro\/wp-content\/uploads\/2020\/09\/logo_softlab_2.png\",\"width\":7000,\"height\":2800,\"caption\":\"Soft For Games\"},\"image\":{\"@id\":\"https:\/\/softlab.ro\/#\/schema\/logo\/image\/\"}}]}<\/script>\n<!-- \/ Yoast SEO plugin. -->","yoast_head_json":{"title":"Cashless - Soft Lab","robots":{"index":"index","follow":"follow","max-snippet":"max-snippet:-1","max-image-preview":"max-image-preview:large","max-video-preview":"max-video-preview:-1"},"canonical":"https:\/\/softlab.ro\/en\/gambling\/cashless\/","og_locale":"en_US","og_type":"article","og_title":"Cashless - Soft Lab","og_description":"\/\/ Cashless Solu\u021bia noastr\u0103 ofer\u0103 o gam\u0103 larg\u0103 de op\u021biuni de plat\u0103 cashless, simplific\u00e2nd \u0219i securiz\u00e2nd tranzac\u021biile financiare pentru juc\u0103tori. Beneficii Operator:\u2022 Transfer de bani instantaneu pe un EGM \u00een pozi\u021bia credit\u2022 Resetarea credit din casierie\u2022 Acces facil la un istoric complet al tranzac\u021biilor Beneficii Client:\u2022 Toate tranzac\u021biile sunt procesate prin canale securizate pentru a [&hellip;]","og_url":"https:\/\/softlab.ro\/en\/gambling\/cashless\/","og_site_name":"Soft Lab","article_modified_time":"2024-07-23T11:35:35+00:00","twitter_card":"summary_large_image","twitter_misc":{"Est. reading time":"1 minute"},"schema":{"@context":"https:\/\/schema.org","@graph":[{"@type":"WebPage","@id":"https:\/\/softlab.ro\/gambling\/cashless\/","url":"https:\/\/softlab.ro\/gambling\/cashless\/","name":"Cashless - Soft Lab","isPartOf":{"@id":"https:\/\/softlab.ro\/#website"},"datePublished":"2024-07-23T08:16:34+00:00","dateModified":"2024-07-23T11:35:35+00:00","breadcrumb":{"@id":"https:\/\/softlab.ro\/gambling\/cashless\/#breadcrumb"},"inLanguage":"en-US","potentialAction":[{"@type":"ReadAction","target":["https:\/\/softlab.ro\/gambling\/cashless\/"]}]},{"@type":"BreadcrumbList","@id":"https:\/\/softlab.ro\/gambling\/cashless\/#breadcrumb","itemListElement":[{"@type":"ListItem","position":1,"name":"Home","item":"https:\/\/softlab.ro\/"},{"@type":"ListItem","position":2,"name":"Gambling","item":"https:\/\/softlab.ro\/gambling\/"},{"@type":"ListItem","position":3,"name":"Cashless"}]},{"@type":"WebSite","@id":"https:\/\/softlab.ro\/#website","url":"https:\/\/softlab.ro\/","name":"Soft Lab","description":"","publisher":{"@id":"https:\/\/softlab.ro\/#organization"},"potentialAction":[{"@type":"SearchAction","target":{"@type":"EntryPoint","urlTemplate":"https:\/\/softlab.ro\/?s={search_term_string}"},"query-input":{"@type":"PropertyValueSpecification","valueRequired":true,"valueName":"search_term_string"}}],"inLanguage":"en-US"},{"@type":"Organization","@id":"https:\/\/softlab.ro\/#organization","name":"Soft For Games","url":"https:\/\/softlab.ro\/","logo":{"@type":"ImageObject","inLanguage":"en-US","@id":"https:\/\/softlab.ro\/#\/schema\/logo\/image\/","url":"https:\/\/softlab.ro\/wp-content\/uploads\/2020\/09\/logo_softlab_2.png","contentUrl":"https:\/\/softlab.ro\/wp-content\/uploads\/2020\/09\/logo_softlab_2.png","width":7000,"height":2800,"caption":"Soft For Games"},"image":{"@id":"https:\/\/softlab.ro\/#\/schema\/logo\/image\/"}}]}},"_links":{"self":[{"href":"https:\/\/softlab.ro\/en\/wp-json\/wp\/v2\/pages\/5271","targetHints":{"allow":["GET"]}}],"collection":[{"href":"https:\/\/softlab.ro\/en\/wp-json\/wp\/v2\/pages"}],"about":[{"href":"https:\/\/softlab.ro\/en\/wp-json\/wp\/v2\/types\/page"}],"author":[{"embeddable":true,"href":"https:\/\/softlab.ro\/en\/wp-json\/wp\/v2\/users\/1"}],"replies":[{"embeddable":true,"href":"https:\/\/softlab.ro\/en\/wp-json\/wp\/v2\/comments?post=5271"}],"version-history":[{"count":10,"href":"https:\/\/softlab.ro\/en\/wp-json\/wp\/v2\/pages\/5271\/revisions"}],"predecessor-version":[{"id":5389,"href":"https:\/\/softlab.ro\/en\/wp-json\/wp\/v2\/pages\/5271\/revisions\/5389"}],"up":[{"embeddable":true,"href":"https:\/\/softlab.ro\/en\/wp-json\/wp\/v2\/pages\/5222"}],"wp:attachment":[{"href":"https:\/\/softlab.ro\/en\/wp-json\/wp\/v2\/media?parent=5271"}],"curies":[{"name":"wp","href":"https:\/\/api.w.org\/{rel}","templated":true}]}}