{"id":5273,"date":"2024-07-23T08:16:48","date_gmt":"2024-07-23T08:16:48","guid":{"rendered":"https:\/\/softlab.ro\/?page_id=5273"},"modified":"2024-07-23T10:56:27","modified_gmt":"2024-07-23T10:56:27","slug":"rapoarte","status":"publish","type":"page","link":"https:\/\/softlab.ro\/en\/gambling\/rapoarte\/","title":{"rendered":"Reports"},"content":{"rendered":"<div data-elementor-type=\"wp-page\" data-elementor-id=\"5273\" class=\"elementor elementor-5273\">\n\t\t\t\t\t\t<section class=\"elementor-section elementor-top-section elementor-element elementor-element-6d019336 ot-traditional elementor-section-boxed elementor-section-height-default elementor-section-height-default\" data-id=\"6d019336\" data-element_type=\"section\" data-settings=\"{&quot;background_background&quot;:&quot;classic&quot;}\">\n\t\t\t\t\t\t<div class=\"elementor-container elementor-column-gap-default\">\n\t\t\t\t\t<div class=\"elementor-column elementor-col-100 elementor-top-column elementor-element elementor-element-42e99e7d ot-flex-column-vertical\" data-id=\"42e99e7d\" data-element_type=\"column\">\n\t\t\t<div class=\"elementor-widget-wrap elementor-element-populated\">\n\t\t\t\t\t\t<div class=\"elementor-element elementor-element-2a60d8ea elementor-widget elementor-widget-iheading\" data-id=\"2a60d8ea\" data-element_type=\"widget\" data-widget_type=\"iheading.default\">\n\t\t\t\t<div class=\"elementor-widget-container\">\n\t\t\t\t\t\t\t<div class=\"ot-heading\">\r\n\t        \t            <span>\/\/ Reports<\/span>\r\n\t        \t    <\/div>\r\n\t    \t\t\t\t<\/div>\n\t\t\t\t<\/div>\n\t\t\t\t<div class=\"elementor-element elementor-element-7d57e4a5 elementor-widget elementor-widget-text-editor\" data-id=\"7d57e4a5\" data-element_type=\"widget\" data-widget_type=\"text-editor.default\">\n\t\t\t\t<div class=\"elementor-widget-container\">\n\t\t\t\t\t\t\t\t\t<p>Our solution offers a wide range of customized reports that allow detailed analysis of Gaming operations.<\/p><p class=\"translation-block\"><strong>Operator Benefits:<\/strong><br>\u2022 Automatic generation of reports as required by the National Gambling Office<br>\u2022 Detailed performance monitoring of EGMs, with information on operating hours, status (on\/off) and electronic counters<br>\u2022 Cash registers with financial transactions for each accounting account, with the possibility of outsourcing through secure APIs + \u201cIP Whitelist\u201d<br>\u2022 Generation of detailed account reports, with the possibility of outsourcing through API secured + \u201cIP Whitelist\u201d<br>\u2022 Monitor financial performance in real time and for selected time periods<br>\u2022 Monitor ticket printer status and identify technical issues<br>\u2022 Detailed view of EGM accounting and current credit before its initialization<\/p>\t\t\t\t\t\t\t\t<\/div>\n\t\t\t\t<\/div>\n\t\t\t\t\t<\/div>\n\t\t<\/div>\n\t\t\t\t\t<\/div>\n\t\t<\/section>\n\t\t\t\t<section class=\"elementor-section elementor-inner-section elementor-element elementor-element-644e1b34 ot-traditional elementor-section-boxed elementor-section-height-default elementor-section-height-default\" data-id=\"644e1b34\" data-element_type=\"section\">\n\t\t\t\t\t\t<div class=\"elementor-container elementor-column-gap-extended\">\n\t\t\t\t\t<div class=\"elementor-column elementor-col-33 elementor-inner-column elementor-element elementor-element-8d6b368 ot-flex-column-vertical\" data-id=\"8d6b368\" data-element_type=\"column\">\n\t\t\t<div class=\"elementor-widget-wrap elementor-element-populated\">\n\t\t\t\t\t\t<div class=\"elementor-element elementor-element-658d9f6a elementor-widget elementor-widget-iiconbox2\" data-id=\"658d9f6a\" data-element_type=\"widget\" data-widget_type=\"iiconbox2.default\">\n\t\t\t\t<div class=\"elementor-widget-container\">\n\t\t\t\t\t\t\t<div class=\"icon-box-s2 s1\">\r\n\t\t\t<div class=\"icon-main\">\r\n\t\t        \t\t\t    \t\t        <span class=\"flaticon-code\"><\/span>\t\t        \t        <\/div>\r\n\t        <div class=\"content-box\">\r\n\t            <h5><a href=\"\/en\/gambling\/api-extern\/\">External APIs<\/a><\/h5>\r\n\t            <p>Seamless integration of your own applications with our services through efficient and secure APIs.<\/p>\r\n\t        <\/div>\r\n\t    <\/div>\r\n\t    \t\t\t\t<\/div>\n\t\t\t\t<\/div>\n\t\t\t\t<div class=\"elementor-element elementor-element-7f27d028 elementor-widget elementor-widget-iiconbox2\" data-id=\"7f27d028\" data-element_type=\"widget\" data-widget_type=\"iiconbox2.default\">\n\t\t\t\t<div class=\"elementor-widget-container\">\n\t\t\t\t\t\t\t<div class=\"icon-box-s2 s1\">\r\n\t\t\t<div class=\"icon-main\">\r\n\t\t        \t\t\t    \t\t        <span class=\"flaticon-browser\"><\/span>\t\t        \t        <\/div>\r\n\t        <div class=\"content-box\">\r\n\t            <h5><a href=\"\/en\/gambling\/publicitate-si-grafica\/\">Advertising and Graphics<\/a><\/h5>\r\n\t            <p>We are ready to offer you creative and effective advertising and graphic design solutions to attract customers.<\/p>\r\n\t        <\/div>\r\n\t    <\/div>\r\n\t    \t\t\t\t<\/div>\n\t\t\t\t<\/div>\n\t\t\t\t<div class=\"elementor-element elementor-element-7315fc2b elementor-widget elementor-widget-iiconbox2\" data-id=\"7315fc2b\" data-element_type=\"widget\" data-widget_type=\"iiconbox2.default\">\n\t\t\t\t<div class=\"elementor-widget-container\">\n\t\t\t\t\t\t\t<div class=\"icon-box-s2 s1\">\r\n\t\t\t<div class=\"icon-main\">\r\n\t\t        \t\t\t    \t\t        <span class=\"flaticon-browser\"><\/span>\t\t        \t        <\/div>\r\n\t        <div class=\"content-box\">\r\n\t            <h5><a href=\"\/en\/gambling\/cashless\/\">Cashless<\/a><\/h5>\r\n\t            <p>Fast and secure cashless transactions for a modern and efficient gaming experience.<\/p>\r\n\t        <\/div>\r\n\t    <\/div>\r\n\t    \t\t\t\t<\/div>\n\t\t\t\t<\/div>\n\t\t\t\t\t<\/div>\n\t\t<\/div>\n\t\t\t\t<div class=\"elementor-column elementor-col-33 elementor-inner-column elementor-element elementor-element-a1ca3e6 ot-flex-column-vertical\" data-id=\"a1ca3e6\" data-element_type=\"column\">\n\t\t\t<div class=\"elementor-widget-wrap elementor-element-populated\">\n\t\t\t\t\t\t<div class=\"elementor-element elementor-element-1bfe2c98 elementor-widget elementor-widget-iiconbox2\" data-id=\"1bfe2c98\" data-element_type=\"widget\" data-widget_type=\"iiconbox2.default\">\n\t\t\t\t<div class=\"elementor-widget-container\">\n\t\t\t\t\t\t\t<div class=\"icon-box-s2 s1\">\r\n\t\t\t<div class=\"icon-main\">\r\n\t\t        \t\t\t    \t\t        <span class=\"flaticon-app\"><\/span>\t\t        \t        <\/div>\r\n\t        <div class=\"content-box\">\r\n\t            <h5><a href=\"\/en\/gambling\/loialitate-jucatori\/\">Loyalty Players<\/a><\/h5>\r\n\t            <p>Increase player retention and satisfaction with customized and effective loyalty programs.<\/p>\r\n\t        <\/div>\r\n\t    <\/div>\r\n\t    \t\t\t\t<\/div>\n\t\t\t\t<\/div>\n\t\t\t\t<div class=\"elementor-element elementor-element-50f6a576 elementor-widget elementor-widget-iiconbox2\" data-id=\"50f6a576\" data-element_type=\"widget\" data-widget_type=\"iiconbox2.default\">\n\t\t\t\t<div class=\"elementor-widget-container\">\n\t\t\t\t\t\t\t<div class=\"icon-box-s2 s1\">\r\n\t\t\t<div class=\"icon-main\">\r\n\t\t        \t\t\t    \t\t        <span class=\"flaticon-report-1\"><\/span>\t\t        \t        <\/div>\r\n\t        <div class=\"content-box\">\r\n\t            <h5><a href=\"\/en\/gambling\/tichete-tito\/\">Tickets (TITO)<\/a><\/h5>\r\n\t            <p>Simplify payment and earnings management with the efficient TITO voucher system.<\/p>\r\n\t        <\/div>\r\n\t    <\/div>\r\n\t    \t\t\t\t<\/div>\n\t\t\t\t<\/div>\n\t\t\t\t<div class=\"elementor-element elementor-element-46b21928 elementor-widget elementor-widget-iiconbox2\" data-id=\"46b21928\" data-element_type=\"widget\" data-widget_type=\"iiconbox2.default\">\n\t\t\t\t<div class=\"elementor-widget-container\">\n\t\t\t\t\t\t\t<div class=\"icon-box-s2 s1\">\r\n\t\t\t<div class=\"icon-main\">\r\n\t\t        \t\t\t    \t\t        <span class=\"flaticon-browser\"><\/span>\t\t        \t        <\/div>\r\n\t        <div class=\"content-box\">\r\n\t            <h5><a href=\"\/en\/gambling\/rapoarte\/\">Reports<\/a><\/h5>\r\n\t            <p>Access detailed reports and analytics to optimize business performance. Export financial information.<\/p>\r\n\t        <\/div>\r\n\t    <\/div>\r\n\t    \t\t\t\t<\/div>\n\t\t\t\t<\/div>\n\t\t\t\t\t<\/div>\n\t\t<\/div>\n\t\t\t\t<div class=\"elementor-column elementor-col-33 elementor-inner-column elementor-element elementor-element-63414ce2 elementor-hidden-tablet ot-flex-column-vertical\" data-id=\"63414ce2\" data-element_type=\"column\">\n\t\t\t<div class=\"elementor-widget-wrap elementor-element-populated\">\n\t\t\t\t\t\t<div class=\"elementor-element elementor-element-28bb5c78 elementor-widget elementor-widget-iiconbox2\" data-id=\"28bb5c78\" data-element_type=\"widget\" data-widget_type=\"iiconbox2.default\">\n\t\t\t\t<div class=\"elementor-widget-container\">\n\t\t\t\t\t\t\t<div class=\"icon-box-s2 s1\">\r\n\t\t\t<div class=\"icon-main\">\r\n\t\t        \t\t\t    \t\t        <span class=\"flaticon-monitor\"><\/span>\t\t        \t        <\/div>\r\n\t        <div class=\"content-box\">\r\n\t            <h5><a href=\"\/en\/gambling\/jackpot-uri\/\">Jackpots<\/a><\/h5>\r\n\t            <p>It offers exciting experiences with attractive jackpots and prizes for players. Reports in real time.<\/p>\r\n\t        <\/div>\r\n\t    <\/div>\r\n\t    \t\t\t\t<\/div>\n\t\t\t\t<\/div>\n\t\t\t\t<div class=\"elementor-element elementor-element-4851c26d elementor-widget elementor-widget-iiconbox2\" data-id=\"4851c26d\" data-element_type=\"widget\" data-widget_type=\"iiconbox2.default\">\n\t\t\t\t<div class=\"elementor-widget-container\">\n\t\t\t\t\t\t\t<div class=\"icon-box-s2 s1\">\r\n\t\t\t<div class=\"icon-main\">\r\n\t\t        \t\t\t    \t\t        <span class=\"flaticon-best\"><\/span>\t\t        \t        <\/div>\r\n\t        <div class=\"content-box\">\r\n\t            <h5><a href=\"\/en\/gambling\/notificari\/\">Notifications<\/a><\/h5>\r\n\t            <p>We keep you up to date with all the information you need to make quick and correct decisions. <\/p>\r\n\t        <\/div>\r\n\t    <\/div>\r\n\t    \t\t\t\t<\/div>\n\t\t\t\t<\/div>\n\t\t\t\t<div class=\"elementor-element elementor-element-5cd89ecd elementor-widget elementor-widget-iiconbox2\" data-id=\"5cd89ecd\" data-element_type=\"widget\" data-widget_type=\"iiconbox2.default\">\n\t\t\t\t<div class=\"elementor-widget-container\">\n\t\t\t\t\t\t\t<div class=\"icon-box-s2 s1\">\r\n\t\t\t<div class=\"icon-main\">\r\n\t\t        \t\t\t    \t\t        <span class=\"flaticon-browser\"><\/span>\t\t        \t        <\/div>\r\n\t        <div class=\"content-box\">\r\n\t            <h5><a href=\"\/en\/gambling\/securitate-cloud\/\">Cloud Security<\/a><\/h5>\r\n\t            <p>We protect data and applications with advanced cloud security solutions according to the European NIS2 Directive<\/p>\r\n\t        <\/div>\r\n\t    <\/div>\r\n\t    \t\t\t\t<\/div>\n\t\t\t\t<\/div>\n\t\t\t\t\t<\/div>\n\t\t<\/div>\n\t\t\t\t\t<\/div>\n\t\t<\/section>\n\t\t\t\t<\/div>","protected":false},"excerpt":{"rendered":"<p>\/\/ Rapoarte Solu\u021bia noastr\u0103 ofer\u0103 o gam\u0103 larg\u0103 de rapoarte personalizate care permit o analiz\u0103 detaliat\u0103 a opera\u021biunilor de Jocuri de Noroc. Beneficii Operator:\u2022 Generarea automat\u0103 de rapoarte conform cerin\u021belor Oficiului Na\u021bional pentru Jocuri de Noroc\u2022 Monitorizarea detaliat\u0103 a performan\u021bei EGMs, cu informa\u021bii despre orele de func\u021bionare, starea (pornit\/oprit)\u0219i contorii electronici\u2022 Registre cas\u0103 cu tranzac\u021bii [&hellip;]<\/p>","protected":false},"author":1,"featured_media":0,"parent":5222,"menu_order":0,"comment_status":"closed","ping_status":"closed","template":"","meta":{"footnotes":""},"class_list":["post-5273","page","type-page","status-publish","hentry"],"yoast_head":"<!-- This site is optimized with the Yoast SEO plugin v24.4 - https:\/\/yoast.com\/wordpress\/plugins\/seo\/ -->\n<title>Rapoarte - Soft Lab<\/title>\n<meta name=\"robots\" content=\"index, follow, max-snippet:-1, max-image-preview:large, max-video-preview:-1\" \/>\n<link rel=\"canonical\" href=\"https:\/\/softlab.ro\/en\/gambling\/rapoarte\/\" \/>\n<meta property=\"og:locale\" content=\"en_US\" \/>\n<meta property=\"og:type\" content=\"article\" \/>\n<meta property=\"og:title\" content=\"Rapoarte - Soft Lab\" \/>\n<meta property=\"og:description\" content=\"\/\/ Rapoarte Solu\u021bia noastr\u0103 ofer\u0103 o gam\u0103 larg\u0103 de rapoarte personalizate care permit o analiz\u0103 detaliat\u0103 a opera\u021biunilor de Jocuri de Noroc. Beneficii Operator:\u2022 Generarea automat\u0103 de rapoarte conform cerin\u021belor Oficiului Na\u021bional pentru Jocuri de Noroc\u2022 Monitorizarea detaliat\u0103 a performan\u021bei EGMs, cu informa\u021bii despre orele de func\u021bionare, starea (pornit\/oprit)\u0219i contorii electronici\u2022 Registre cas\u0103 cu tranzac\u021bii [&hellip;]\" \/>\n<meta property=\"og:url\" content=\"https:\/\/softlab.ro\/en\/gambling\/rapoarte\/\" \/>\n<meta property=\"og:site_name\" content=\"Soft Lab\" \/>\n<meta property=\"article:modified_time\" content=\"2024-07-23T10:56:27+00:00\" \/>\n<meta name=\"twitter:card\" content=\"summary_large_image\" \/>\n<meta name=\"twitter:label1\" content=\"Est. reading time\" \/>\n\t<meta name=\"twitter:data1\" content=\"1 minute\" \/>\n<script type=\"application\/ld+json\" class=\"yoast-schema-graph\">{\"@context\":\"https:\/\/schema.org\",\"@graph\":[{\"@type\":\"WebPage\",\"@id\":\"https:\/\/softlab.ro\/gambling\/rapoarte\/\",\"url\":\"https:\/\/softlab.ro\/gambling\/rapoarte\/\",\"name\":\"Rapoarte - Soft Lab\",\"isPartOf\":{\"@id\":\"https:\/\/softlab.ro\/#website\"},\"datePublished\":\"2024-07-23T08:16:48+00:00\",\"dateModified\":\"2024-07-23T10:56:27+00:00\",\"breadcrumb\":{\"@id\":\"https:\/\/softlab.ro\/gambling\/rapoarte\/#breadcrumb\"},\"inLanguage\":\"en-US\",\"potentialAction\":[{\"@type\":\"ReadAction\",\"target\":[\"https:\/\/softlab.ro\/gambling\/rapoarte\/\"]}]},{\"@type\":\"BreadcrumbList\",\"@id\":\"https:\/\/softlab.ro\/gambling\/rapoarte\/#breadcrumb\",\"itemListElement\":[{\"@type\":\"ListItem\",\"position\":1,\"name\":\"Home\",\"item\":\"https:\/\/softlab.ro\/\"},{\"@type\":\"ListItem\",\"position\":2,\"name\":\"Gambling\",\"item\":\"https:\/\/softlab.ro\/gambling\/\"},{\"@type\":\"ListItem\",\"position\":3,\"name\":\"Rapoarte\"}]},{\"@type\":\"WebSite\",\"@id\":\"https:\/\/softlab.ro\/#website\",\"url\":\"https:\/\/softlab.ro\/\",\"name\":\"Soft Lab\",\"description\":\"\",\"publisher\":{\"@id\":\"https:\/\/softlab.ro\/#organization\"},\"potentialAction\":[{\"@type\":\"SearchAction\",\"target\":{\"@type\":\"EntryPoint\",\"urlTemplate\":\"https:\/\/softlab.ro\/?s={search_term_string}\"},\"query-input\":{\"@type\":\"PropertyValueSpecification\",\"valueRequired\":true,\"valueName\":\"search_term_string\"}}],\"inLanguage\":\"en-US\"},{\"@type\":\"Organization\",\"@id\":\"https:\/\/softlab.ro\/#organization\",\"name\":\"Soft For Games\",\"url\":\"https:\/\/softlab.ro\/\",\"logo\":{\"@type\":\"ImageObject\",\"inLanguage\":\"en-US\",\"@id\":\"https:\/\/softlab.ro\/#\/schema\/logo\/image\/\",\"url\":\"https:\/\/softlab.ro\/wp-content\/uploads\/2020\/09\/logo_softlab_2.png\",\"contentUrl\":\"https:\/\/softlab.ro\/wp-content\/uploads\/2020\/09\/logo_softlab_2.png\",\"width\":7000,\"height\":2800,\"caption\":\"Soft For Games\"},\"image\":{\"@id\":\"https:\/\/softlab.ro\/#\/schema\/logo\/image\/\"}}]}<\/script>\n<!-- \/ Yoast SEO plugin. -->","yoast_head_json":{"title":"Rapoarte - Soft Lab","robots":{"index":"index","follow":"follow","max-snippet":"max-snippet:-1","max-image-preview":"max-image-preview:large","max-video-preview":"max-video-preview:-1"},"canonical":"https:\/\/softlab.ro\/en\/gambling\/rapoarte\/","og_locale":"en_US","og_type":"article","og_title":"Rapoarte - Soft Lab","og_description":"\/\/ Rapoarte Solu\u021bia noastr\u0103 ofer\u0103 o gam\u0103 larg\u0103 de rapoarte personalizate care permit o analiz\u0103 detaliat\u0103 a opera\u021biunilor de Jocuri de Noroc. Beneficii Operator:\u2022 Generarea automat\u0103 de rapoarte conform cerin\u021belor Oficiului Na\u021bional pentru Jocuri de Noroc\u2022 Monitorizarea detaliat\u0103 a performan\u021bei EGMs, cu informa\u021bii despre orele de func\u021bionare, starea (pornit\/oprit)\u0219i contorii electronici\u2022 Registre cas\u0103 cu tranzac\u021bii [&hellip;]","og_url":"https:\/\/softlab.ro\/en\/gambling\/rapoarte\/","og_site_name":"Soft Lab","article_modified_time":"2024-07-23T10:56:27+00:00","twitter_card":"summary_large_image","twitter_misc":{"Est. reading time":"1 minute"},"schema":{"@context":"https:\/\/schema.org","@graph":[{"@type":"WebPage","@id":"https:\/\/softlab.ro\/gambling\/rapoarte\/","url":"https:\/\/softlab.ro\/gambling\/rapoarte\/","name":"Rapoarte - Soft Lab","isPartOf":{"@id":"https:\/\/softlab.ro\/#website"},"datePublished":"2024-07-23T08:16:48+00:00","dateModified":"2024-07-23T10:56:27+00:00","breadcrumb":{"@id":"https:\/\/softlab.ro\/gambling\/rapoarte\/#breadcrumb"},"inLanguage":"en-US","potentialAction":[{"@type":"ReadAction","target":["https:\/\/softlab.ro\/gambling\/rapoarte\/"]}]},{"@type":"BreadcrumbList","@id":"https:\/\/softlab.ro\/gambling\/rapoarte\/#breadcrumb","itemListElement":[{"@type":"ListItem","position":1,"name":"Home","item":"https:\/\/softlab.ro\/"},{"@type":"ListItem","position":2,"name":"Gambling","item":"https:\/\/softlab.ro\/gambling\/"},{"@type":"ListItem","position":3,"name":"Rapoarte"}]},{"@type":"WebSite","@id":"https:\/\/softlab.ro\/#website","url":"https:\/\/softlab.ro\/","name":"Soft Lab","description":"","publisher":{"@id":"https:\/\/softlab.ro\/#organization"},"potentialAction":[{"@type":"SearchAction","target":{"@type":"EntryPoint","urlTemplate":"https:\/\/softlab.ro\/?s={search_term_string}"},"query-input":{"@type":"PropertyValueSpecification","valueRequired":true,"valueName":"search_term_string"}}],"inLanguage":"en-US"},{"@type":"Organization","@id":"https:\/\/softlab.ro\/#organization","name":"Soft For Games","url":"https:\/\/softlab.ro\/","logo":{"@type":"ImageObject","inLanguage":"en-US","@id":"https:\/\/softlab.ro\/#\/schema\/logo\/image\/","url":"https:\/\/softlab.ro\/wp-content\/uploads\/2020\/09\/logo_softlab_2.png","contentUrl":"https:\/\/softlab.ro\/wp-content\/uploads\/2020\/09\/logo_softlab_2.png","width":7000,"height":2800,"caption":"Soft For Games"},"image":{"@id":"https:\/\/softlab.ro\/#\/schema\/logo\/image\/"}}]}},"_links":{"self":[{"href":"https:\/\/softlab.ro\/en\/wp-json\/wp\/v2\/pages\/5273","targetHints":{"allow":["GET"]}}],"collection":[{"href":"https:\/\/softlab.ro\/en\/wp-json\/wp\/v2\/pages"}],"about":[{"href":"https:\/\/softlab.ro\/en\/wp-json\/wp\/v2\/types\/page"}],"author":[{"embeddable":true,"href":"https:\/\/softlab.ro\/en\/wp-json\/wp\/v2\/users\/1"}],"replies":[{"embeddable":true,"href":"https:\/\/softlab.ro\/en\/wp-json\/wp\/v2\/comments?post=5273"}],"version-history":[{"count":7,"href":"https:\/\/softlab.ro\/en\/wp-json\/wp\/v2\/pages\/5273\/revisions"}],"predecessor-version":[{"id":5343,"href":"https:\/\/softlab.ro\/en\/wp-json\/wp\/v2\/pages\/5273\/revisions\/5343"}],"up":[{"embeddable":true,"href":"https:\/\/softlab.ro\/en\/wp-json\/wp\/v2\/pages\/5222"}],"wp:attachment":[{"href":"https:\/\/softlab.ro\/en\/wp-json\/wp\/v2\/media?parent=5273"}],"curies":[{"name":"wp","href":"https:\/\/api.w.org\/{rel}","templated":true}]}}