{"id":5275,"date":"2024-07-23T08:17:09","date_gmt":"2024-07-23T08:17:09","guid":{"rendered":"https:\/\/softlab.ro\/?page_id=5275"},"modified":"2024-07-23T11:37:35","modified_gmt":"2024-07-23T11:37:35","slug":"securitate-cloud","status":"publish","type":"page","link":"https:\/\/softlab.ro\/en\/gambling\/securitate-cloud\/","title":{"rendered":"Cloud Security"},"content":{"rendered":"<div data-elementor-type=\"wp-page\" data-elementor-id=\"5275\" class=\"elementor elementor-5275\">\n\t\t\t\t\t\t<section class=\"elementor-section elementor-top-section elementor-element elementor-element-76e8c809 ot-traditional elementor-section-boxed elementor-section-height-default elementor-section-height-default\" data-id=\"76e8c809\" data-element_type=\"section\" data-settings=\"{&quot;background_background&quot;:&quot;classic&quot;}\">\n\t\t\t\t\t\t<div class=\"elementor-container elementor-column-gap-default\">\n\t\t\t\t\t<div class=\"elementor-column elementor-col-100 elementor-top-column elementor-element elementor-element-2cc8786b ot-flex-column-vertical\" data-id=\"2cc8786b\" data-element_type=\"column\">\n\t\t\t<div class=\"elementor-widget-wrap elementor-element-populated\">\n\t\t\t\t\t\t<div class=\"elementor-element elementor-element-7744aa03 elementor-widget elementor-widget-iheading\" data-id=\"7744aa03\" data-element_type=\"widget\" data-widget_type=\"iheading.default\">\n\t\t\t\t<div class=\"elementor-widget-container\">\n\t\t\t\t\t\t\t<div class=\"ot-heading\">\r\n\t        \t            <span>\/\/ Cloud Security<\/span>\r\n\t        <h2 class=\"main-heading\">European Directive NIS2<\/h2>\t    <\/div>\r\n\t    \t\t\t\t<\/div>\n\t\t\t\t<\/div>\n\t\t\t\t<div class=\"elementor-element elementor-element-6854dfe6 elementor-widget elementor-widget-text-editor\" data-id=\"6854dfe6\" data-element_type=\"widget\" data-widget_type=\"text-editor.default\">\n\t\t\t\t<div class=\"elementor-widget-container\">\n\t\t\t\t\t\t\t\t\t<p class=\"translation-block\">Our solution is designed to comply with the <strong>European Directive NIS2<\/strong> on cybersecurity.<br>Implementing the solution will help improve your organization's cybersecurity posture and reduce the risk of cyber attacks.<\/p><p class=\"translation-block\"><strong>Operator Benefits<\/strong>:<br> \u2022 All communications between applications are encrypted with state-of-the-art algorithms to prevent data interception and manipulation as required by the NIS2 Directive<br> \u2022 A robust firewall protects the cloud infrastructure against unauthorized access and of cyber attacks<br> \u2022 A virtual private network (VPN) provides a secure connection to the cloud infrastructure to protect sensitive data<br> \u2022 IP Whitelist: Allows access to the cloud infrastructure only from authorized IP addresses<\/p>\t\t\t\t\t\t\t\t<\/div>\n\t\t\t\t<\/div>\n\t\t\t\t\t<\/div>\n\t\t<\/div>\n\t\t\t\t\t<\/div>\n\t\t<\/section>\n\t\t\t\t<section class=\"elementor-section elementor-inner-section elementor-element elementor-element-22676c73 ot-traditional elementor-section-boxed elementor-section-height-default elementor-section-height-default\" data-id=\"22676c73\" data-element_type=\"section\">\n\t\t\t\t\t\t<div class=\"elementor-container elementor-column-gap-extended\">\n\t\t\t\t\t<div class=\"elementor-column elementor-col-33 elementor-inner-column elementor-element elementor-element-2dce3133 ot-flex-column-vertical\" data-id=\"2dce3133\" data-element_type=\"column\">\n\t\t\t<div class=\"elementor-widget-wrap elementor-element-populated\">\n\t\t\t\t\t\t<div class=\"elementor-element elementor-element-69b74d00 elementor-widget elementor-widget-iiconbox2\" data-id=\"69b74d00\" data-element_type=\"widget\" data-widget_type=\"iiconbox2.default\">\n\t\t\t\t<div class=\"elementor-widget-container\">\n\t\t\t\t\t\t\t<div class=\"icon-box-s2 s1\">\r\n\t\t\t<div class=\"icon-main\">\r\n\t\t        \t\t\t    \t\t        <span class=\"flaticon-code\"><\/span>\t\t        \t        <\/div>\r\n\t        <div class=\"content-box\">\r\n\t            <h5><a href=\"\/en\/gambling\/api-extern\/\">External APIs<\/a><\/h5>\r\n\t            <p>Seamless integration of your own applications with our services through efficient and secure APIs.<\/p>\r\n\t        <\/div>\r\n\t    <\/div>\r\n\t    \t\t\t\t<\/div>\n\t\t\t\t<\/div>\n\t\t\t\t<div class=\"elementor-element elementor-element-654a7f1d elementor-widget elementor-widget-iiconbox2\" data-id=\"654a7f1d\" data-element_type=\"widget\" data-widget_type=\"iiconbox2.default\">\n\t\t\t\t<div class=\"elementor-widget-container\">\n\t\t\t\t\t\t\t<div class=\"icon-box-s2 s1\">\r\n\t\t\t<div class=\"icon-main\">\r\n\t\t        \t\t\t    \t\t        <span class=\"flaticon-browser\"><\/span>\t\t        \t        <\/div>\r\n\t        <div class=\"content-box\">\r\n\t            <h5><a href=\"\/en\/gambling\/publicitate-si-grafica\/\">Advertising and Graphics<\/a><\/h5>\r\n\t            <p>We are ready to offer you creative and effective advertising and graphic design solutions to attract customers.<\/p>\r\n\t        <\/div>\r\n\t    <\/div>\r\n\t    \t\t\t\t<\/div>\n\t\t\t\t<\/div>\n\t\t\t\t<div class=\"elementor-element elementor-element-220ee0f8 elementor-widget elementor-widget-iiconbox2\" data-id=\"220ee0f8\" data-element_type=\"widget\" data-widget_type=\"iiconbox2.default\">\n\t\t\t\t<div class=\"elementor-widget-container\">\n\t\t\t\t\t\t\t<div class=\"icon-box-s2 s1\">\r\n\t\t\t<div class=\"icon-main\">\r\n\t\t        \t\t\t    \t\t        <span class=\"flaticon-browser\"><\/span>\t\t        \t        <\/div>\r\n\t        <div class=\"content-box\">\r\n\t            <h5><a href=\"\/en\/gambling\/cashless\/\">Cashless<\/a><\/h5>\r\n\t            <p>Fast and secure cashless transactions for a modern and efficient gaming experience.<\/p>\r\n\t        <\/div>\r\n\t    <\/div>\r\n\t    \t\t\t\t<\/div>\n\t\t\t\t<\/div>\n\t\t\t\t\t<\/div>\n\t\t<\/div>\n\t\t\t\t<div class=\"elementor-column elementor-col-33 elementor-inner-column elementor-element elementor-element-a7d1a56 ot-flex-column-vertical\" data-id=\"a7d1a56\" data-element_type=\"column\">\n\t\t\t<div class=\"elementor-widget-wrap elementor-element-populated\">\n\t\t\t\t\t\t<div class=\"elementor-element elementor-element-bdd9360 elementor-widget elementor-widget-iiconbox2\" data-id=\"bdd9360\" data-element_type=\"widget\" data-widget_type=\"iiconbox2.default\">\n\t\t\t\t<div class=\"elementor-widget-container\">\n\t\t\t\t\t\t\t<div class=\"icon-box-s2 s1\">\r\n\t\t\t<div class=\"icon-main\">\r\n\t\t        \t\t\t    \t\t        <span class=\"flaticon-app\"><\/span>\t\t        \t        <\/div>\r\n\t        <div class=\"content-box\">\r\n\t            <h5><a href=\"\/en\/gambling\/loialitate-jucatori\/\">Loyalty Players<\/a><\/h5>\r\n\t            <p>Increase player retention and satisfaction with customized and effective loyalty programs.<\/p>\r\n\t        <\/div>\r\n\t    <\/div>\r\n\t    \t\t\t\t<\/div>\n\t\t\t\t<\/div>\n\t\t\t\t<div class=\"elementor-element elementor-element-73f4664e elementor-widget elementor-widget-iiconbox2\" data-id=\"73f4664e\" data-element_type=\"widget\" data-widget_type=\"iiconbox2.default\">\n\t\t\t\t<div class=\"elementor-widget-container\">\n\t\t\t\t\t\t\t<div class=\"icon-box-s2 s1\">\r\n\t\t\t<div class=\"icon-main\">\r\n\t\t        \t\t\t    \t\t        <span class=\"flaticon-report-1\"><\/span>\t\t        \t        <\/div>\r\n\t        <div class=\"content-box\">\r\n\t            <h5><a href=\"\/en\/gambling\/tichete-tito\/\">Tickets (TITO)<\/a><\/h5>\r\n\t            <p>Simplify payment and earnings management with the efficient TITO voucher system.<\/p>\r\n\t        <\/div>\r\n\t    <\/div>\r\n\t    \t\t\t\t<\/div>\n\t\t\t\t<\/div>\n\t\t\t\t<div class=\"elementor-element elementor-element-61ac232f elementor-widget elementor-widget-iiconbox2\" data-id=\"61ac232f\" data-element_type=\"widget\" data-widget_type=\"iiconbox2.default\">\n\t\t\t\t<div class=\"elementor-widget-container\">\n\t\t\t\t\t\t\t<div class=\"icon-box-s2 s1\">\r\n\t\t\t<div class=\"icon-main\">\r\n\t\t        \t\t\t    \t\t        <span class=\"flaticon-browser\"><\/span>\t\t        \t        <\/div>\r\n\t        <div class=\"content-box\">\r\n\t            <h5><a href=\"\/en\/gambling\/rapoarte\/\">Reports<\/a><\/h5>\r\n\t            <p>Access detailed reports and analytics to optimize business performance. Export financial information.<\/p>\r\n\t        <\/div>\r\n\t    <\/div>\r\n\t    \t\t\t\t<\/div>\n\t\t\t\t<\/div>\n\t\t\t\t\t<\/div>\n\t\t<\/div>\n\t\t\t\t<div class=\"elementor-column elementor-col-33 elementor-inner-column elementor-element elementor-element-e0fa466 elementor-hidden-tablet ot-flex-column-vertical\" data-id=\"e0fa466\" data-element_type=\"column\">\n\t\t\t<div class=\"elementor-widget-wrap elementor-element-populated\">\n\t\t\t\t\t\t<div class=\"elementor-element elementor-element-2641421e elementor-widget elementor-widget-iiconbox2\" data-id=\"2641421e\" data-element_type=\"widget\" data-widget_type=\"iiconbox2.default\">\n\t\t\t\t<div class=\"elementor-widget-container\">\n\t\t\t\t\t\t\t<div class=\"icon-box-s2 s1\">\r\n\t\t\t<div class=\"icon-main\">\r\n\t\t        \t\t\t    \t\t        <span class=\"flaticon-monitor\"><\/span>\t\t        \t        <\/div>\r\n\t        <div class=\"content-box\">\r\n\t            <h5><a href=\"\/en\/gambling\/jackpot-uri\/\">Jackpots<\/a><\/h5>\r\n\t            <p>It offers exciting experiences with attractive jackpots and prizes for players. Reports in real time.<\/p>\r\n\t        <\/div>\r\n\t    <\/div>\r\n\t    \t\t\t\t<\/div>\n\t\t\t\t<\/div>\n\t\t\t\t<div class=\"elementor-element elementor-element-3c3ab9c1 elementor-widget elementor-widget-iiconbox2\" data-id=\"3c3ab9c1\" data-element_type=\"widget\" data-widget_type=\"iiconbox2.default\">\n\t\t\t\t<div class=\"elementor-widget-container\">\n\t\t\t\t\t\t\t<div class=\"icon-box-s2 s1\">\r\n\t\t\t<div class=\"icon-main\">\r\n\t\t        \t\t\t    \t\t        <span class=\"flaticon-best\"><\/span>\t\t        \t        <\/div>\r\n\t        <div class=\"content-box\">\r\n\t            <h5><a href=\"\/en\/gambling\/notificari\/\">Notifications<\/a><\/h5>\r\n\t            <p>We keep you up to date with all the information you need to make quick and correct decisions. <\/p>\r\n\t        <\/div>\r\n\t    <\/div>\r\n\t    \t\t\t\t<\/div>\n\t\t\t\t<\/div>\n\t\t\t\t<div class=\"elementor-element elementor-element-4b5f2c99 elementor-widget elementor-widget-iiconbox2\" data-id=\"4b5f2c99\" data-element_type=\"widget\" data-widget_type=\"iiconbox2.default\">\n\t\t\t\t<div class=\"elementor-widget-container\">\n\t\t\t\t\t\t\t<div class=\"icon-box-s2 s1\">\r\n\t\t\t<div class=\"icon-main\">\r\n\t\t        \t\t\t    \t\t        <span class=\"flaticon-browser\"><\/span>\t\t        \t        <\/div>\r\n\t        <div class=\"content-box\">\r\n\t            <h5><a href=\"\/en\/gambling\/securitate-cloud\/\">Cloud Security<\/a><\/h5>\r\n\t            <p>We protect data and applications with advanced cloud security solutions according to the European NIS2 Directive<\/p>\r\n\t        <\/div>\r\n\t    <\/div>\r\n\t    \t\t\t\t<\/div>\n\t\t\t\t<\/div>\n\t\t\t\t\t<\/div>\n\t\t<\/div>\n\t\t\t\t\t<\/div>\n\t\t<\/section>\n\t\t\t\t<\/div>","protected":false},"excerpt":{"rendered":"<p>\/\/ Securitate Cloud Directiv\u0103 European\u0103 NIS2 Solu\u021bia noastr\u0103 este conceput\u0103 pentru a respecta cerin\u021bele Directivei Europene NIS2 privind securitatea cibernetic\u0103.Implementarea solu\u021biei va contribui la \u00eembun\u0103t\u0103\u021birea posturii de securitate cibernetic\u0103 a organiza\u021biei dumneavoastr\u0103 \u0219i la reducerea riscului de atacuri cibernetice. Beneficii Operator:\u00a0\u00a0 \u2022 Toate comunica\u021biile \u00eentre aplica\u021bii sunt criptate cu algoritmi de ultim\u0103 genera\u021bie pentru a [&hellip;]<\/p>","protected":false},"author":1,"featured_media":0,"parent":5222,"menu_order":0,"comment_status":"closed","ping_status":"closed","template":"","meta":{"footnotes":""},"class_list":["post-5275","page","type-page","status-publish","hentry"],"yoast_head":"<!-- This site is optimized with the Yoast SEO plugin v24.4 - https:\/\/yoast.com\/wordpress\/plugins\/seo\/ -->\n<title>Securitate Cloud - Soft Lab<\/title>\n<meta name=\"robots\" content=\"index, follow, max-snippet:-1, max-image-preview:large, max-video-preview:-1\" \/>\n<link rel=\"canonical\" href=\"https:\/\/softlab.ro\/en\/gambling\/securitate-cloud\/\" \/>\n<meta property=\"og:locale\" content=\"en_US\" \/>\n<meta property=\"og:type\" content=\"article\" \/>\n<meta property=\"og:title\" content=\"Securitate Cloud - Soft Lab\" \/>\n<meta property=\"og:description\" content=\"\/\/ Securitate Cloud Directiv\u0103 European\u0103 NIS2 Solu\u021bia noastr\u0103 este conceput\u0103 pentru a respecta cerin\u021bele Directivei Europene NIS2 privind securitatea cibernetic\u0103.Implementarea solu\u021biei va contribui la \u00eembun\u0103t\u0103\u021birea posturii de securitate cibernetic\u0103 a organiza\u021biei dumneavoastr\u0103 \u0219i la reducerea riscului de atacuri cibernetice. Beneficii Operator:\u00a0\u00a0 \u2022 Toate comunica\u021biile \u00eentre aplica\u021bii sunt criptate cu algoritmi de ultim\u0103 genera\u021bie pentru a [&hellip;]\" \/>\n<meta property=\"og:url\" content=\"https:\/\/softlab.ro\/en\/gambling\/securitate-cloud\/\" \/>\n<meta property=\"og:site_name\" content=\"Soft Lab\" \/>\n<meta property=\"article:modified_time\" content=\"2024-07-23T11:37:35+00:00\" \/>\n<meta name=\"twitter:card\" content=\"summary_large_image\" \/>\n<meta name=\"twitter:label1\" content=\"Est. reading time\" \/>\n\t<meta name=\"twitter:data1\" content=\"1 minute\" \/>\n<script type=\"application\/ld+json\" class=\"yoast-schema-graph\">{\"@context\":\"https:\/\/schema.org\",\"@graph\":[{\"@type\":\"WebPage\",\"@id\":\"https:\/\/softlab.ro\/gambling\/securitate-cloud\/\",\"url\":\"https:\/\/softlab.ro\/gambling\/securitate-cloud\/\",\"name\":\"Securitate Cloud - Soft Lab\",\"isPartOf\":{\"@id\":\"https:\/\/softlab.ro\/#website\"},\"datePublished\":\"2024-07-23T08:17:09+00:00\",\"dateModified\":\"2024-07-23T11:37:35+00:00\",\"breadcrumb\":{\"@id\":\"https:\/\/softlab.ro\/gambling\/securitate-cloud\/#breadcrumb\"},\"inLanguage\":\"en-US\",\"potentialAction\":[{\"@type\":\"ReadAction\",\"target\":[\"https:\/\/softlab.ro\/gambling\/securitate-cloud\/\"]}]},{\"@type\":\"BreadcrumbList\",\"@id\":\"https:\/\/softlab.ro\/gambling\/securitate-cloud\/#breadcrumb\",\"itemListElement\":[{\"@type\":\"ListItem\",\"position\":1,\"name\":\"Home\",\"item\":\"https:\/\/softlab.ro\/\"},{\"@type\":\"ListItem\",\"position\":2,\"name\":\"Gambling\",\"item\":\"https:\/\/softlab.ro\/gambling\/\"},{\"@type\":\"ListItem\",\"position\":3,\"name\":\"Securitate Cloud\"}]},{\"@type\":\"WebSite\",\"@id\":\"https:\/\/softlab.ro\/#website\",\"url\":\"https:\/\/softlab.ro\/\",\"name\":\"Soft Lab\",\"description\":\"\",\"publisher\":{\"@id\":\"https:\/\/softlab.ro\/#organization\"},\"potentialAction\":[{\"@type\":\"SearchAction\",\"target\":{\"@type\":\"EntryPoint\",\"urlTemplate\":\"https:\/\/softlab.ro\/?s={search_term_string}\"},\"query-input\":{\"@type\":\"PropertyValueSpecification\",\"valueRequired\":true,\"valueName\":\"search_term_string\"}}],\"inLanguage\":\"en-US\"},{\"@type\":\"Organization\",\"@id\":\"https:\/\/softlab.ro\/#organization\",\"name\":\"Soft For Games\",\"url\":\"https:\/\/softlab.ro\/\",\"logo\":{\"@type\":\"ImageObject\",\"inLanguage\":\"en-US\",\"@id\":\"https:\/\/softlab.ro\/#\/schema\/logo\/image\/\",\"url\":\"https:\/\/softlab.ro\/wp-content\/uploads\/2020\/09\/logo_softlab_2.png\",\"contentUrl\":\"https:\/\/softlab.ro\/wp-content\/uploads\/2020\/09\/logo_softlab_2.png\",\"width\":7000,\"height\":2800,\"caption\":\"Soft For Games\"},\"image\":{\"@id\":\"https:\/\/softlab.ro\/#\/schema\/logo\/image\/\"}}]}<\/script>\n<!-- \/ Yoast SEO plugin. -->","yoast_head_json":{"title":"Securitate Cloud - Soft Lab","robots":{"index":"index","follow":"follow","max-snippet":"max-snippet:-1","max-image-preview":"max-image-preview:large","max-video-preview":"max-video-preview:-1"},"canonical":"https:\/\/softlab.ro\/en\/gambling\/securitate-cloud\/","og_locale":"en_US","og_type":"article","og_title":"Securitate Cloud - Soft Lab","og_description":"\/\/ Securitate Cloud Directiv\u0103 European\u0103 NIS2 Solu\u021bia noastr\u0103 este conceput\u0103 pentru a respecta cerin\u021bele Directivei Europene NIS2 privind securitatea cibernetic\u0103.Implementarea solu\u021biei va contribui la \u00eembun\u0103t\u0103\u021birea posturii de securitate cibernetic\u0103 a organiza\u021biei dumneavoastr\u0103 \u0219i la reducerea riscului de atacuri cibernetice. Beneficii Operator:\u00a0\u00a0 \u2022 Toate comunica\u021biile \u00eentre aplica\u021bii sunt criptate cu algoritmi de ultim\u0103 genera\u021bie pentru a [&hellip;]","og_url":"https:\/\/softlab.ro\/en\/gambling\/securitate-cloud\/","og_site_name":"Soft Lab","article_modified_time":"2024-07-23T11:37:35+00:00","twitter_card":"summary_large_image","twitter_misc":{"Est. reading time":"1 minute"},"schema":{"@context":"https:\/\/schema.org","@graph":[{"@type":"WebPage","@id":"https:\/\/softlab.ro\/gambling\/securitate-cloud\/","url":"https:\/\/softlab.ro\/gambling\/securitate-cloud\/","name":"Securitate Cloud - Soft Lab","isPartOf":{"@id":"https:\/\/softlab.ro\/#website"},"datePublished":"2024-07-23T08:17:09+00:00","dateModified":"2024-07-23T11:37:35+00:00","breadcrumb":{"@id":"https:\/\/softlab.ro\/gambling\/securitate-cloud\/#breadcrumb"},"inLanguage":"en-US","potentialAction":[{"@type":"ReadAction","target":["https:\/\/softlab.ro\/gambling\/securitate-cloud\/"]}]},{"@type":"BreadcrumbList","@id":"https:\/\/softlab.ro\/gambling\/securitate-cloud\/#breadcrumb","itemListElement":[{"@type":"ListItem","position":1,"name":"Home","item":"https:\/\/softlab.ro\/"},{"@type":"ListItem","position":2,"name":"Gambling","item":"https:\/\/softlab.ro\/gambling\/"},{"@type":"ListItem","position":3,"name":"Securitate Cloud"}]},{"@type":"WebSite","@id":"https:\/\/softlab.ro\/#website","url":"https:\/\/softlab.ro\/","name":"Soft Lab","description":"","publisher":{"@id":"https:\/\/softlab.ro\/#organization"},"potentialAction":[{"@type":"SearchAction","target":{"@type":"EntryPoint","urlTemplate":"https:\/\/softlab.ro\/?s={search_term_string}"},"query-input":{"@type":"PropertyValueSpecification","valueRequired":true,"valueName":"search_term_string"}}],"inLanguage":"en-US"},{"@type":"Organization","@id":"https:\/\/softlab.ro\/#organization","name":"Soft For Games","url":"https:\/\/softlab.ro\/","logo":{"@type":"ImageObject","inLanguage":"en-US","@id":"https:\/\/softlab.ro\/#\/schema\/logo\/image\/","url":"https:\/\/softlab.ro\/wp-content\/uploads\/2020\/09\/logo_softlab_2.png","contentUrl":"https:\/\/softlab.ro\/wp-content\/uploads\/2020\/09\/logo_softlab_2.png","width":7000,"height":2800,"caption":"Soft For Games"},"image":{"@id":"https:\/\/softlab.ro\/#\/schema\/logo\/image\/"}}]}},"_links":{"self":[{"href":"https:\/\/softlab.ro\/en\/wp-json\/wp\/v2\/pages\/5275","targetHints":{"allow":["GET"]}}],"collection":[{"href":"https:\/\/softlab.ro\/en\/wp-json\/wp\/v2\/pages"}],"about":[{"href":"https:\/\/softlab.ro\/en\/wp-json\/wp\/v2\/types\/page"}],"author":[{"embeddable":true,"href":"https:\/\/softlab.ro\/en\/wp-json\/wp\/v2\/users\/1"}],"replies":[{"embeddable":true,"href":"https:\/\/softlab.ro\/en\/wp-json\/wp\/v2\/comments?post=5275"}],"version-history":[{"count":16,"href":"https:\/\/softlab.ro\/en\/wp-json\/wp\/v2\/pages\/5275\/revisions"}],"predecessor-version":[{"id":5392,"href":"https:\/\/softlab.ro\/en\/wp-json\/wp\/v2\/pages\/5275\/revisions\/5392"}],"up":[{"embeddable":true,"href":"https:\/\/softlab.ro\/en\/wp-json\/wp\/v2\/pages\/5222"}],"wp:attachment":[{"href":"https:\/\/softlab.ro\/en\/wp-json\/wp\/v2\/media?parent=5275"}],"curies":[{"name":"wp","href":"https:\/\/api.w.org\/{rel}","templated":true}]}}